
{"id":43,"date":"2016-08-22T16:26:50","date_gmt":"2016-08-22T14:26:50","guid":{"rendered":"http:\/\/partycypacjaobywatelska.pl\/kopiaprzestrzeni\/?page_id=43"},"modified":"2022-02-03T17:21:44","modified_gmt":"2022-02-03T16:21:44","slug":"dokumenty","status":"publish","type":"page","link":"https:\/\/partycypacjaobywatelska.pl\/przestrzen\/dokumenty\/","title":{"rendered":"Dokumenty"},"content":{"rendered":"<h3>REGULAMIN CZWARTEGO (UZUPE\u0141NIAJ\u0104CEGO) NABORU I UDZIA\u0141U W PROJEKCIE (wersja aktualna) &#8211; <strong><a href=\"http:\/\/partycypacjaobywatelska.pl\/przestrzen\/wp-content\/uploads\/sites\/9\/2022\/02\/regulamin-iv-nabor.pdf\">DO POBRANIA<\/a><\/strong><\/h3>\n<h3>REGULAMIN TRZECIEGO (UZUPE\u0141NIAJ\u0104CEGO) NABORU I UDZIA\u0141U W PROJEKCIE &#8211; <strong><a href=\"http:\/\/partycypacjaobywatelska.pl\/przestrzen\/wp-content\/uploads\/sites\/9\/2021\/01\/pdp2_regulamin-naboru_iii_uzupelniajacy_25-01-2021.pdf\" target=\"_blank\" rel=\"noopener noreferrer\">DO POBRANIA<\/a><\/strong><\/h3>\n<h3 class=\"heading-2\">REGULAMIN DRUGIEGO NABORU (2019) I UDZIA\u0141U W PROJEKCIE &#8211; <strong><a href=\"http:\/\/partycypacjaobywatelska.pl\/przestrzen\/wp-content\/uploads\/sites\/9\/2016\/08\/regulamin-naboru-i-udzialu-w-projekcie_przestrzen-dla-partycypacji-2-zaktualizowany-16-09-2019-docx.pdf\">DO POBRANIA<\/a><\/strong><\/h3>\n<h3 class=\"heading-2\">REGULAMIN NABORU I UDZIA\u0141U W PROJEKCIE (stara wersja) &#8211; <strong><a href=\"http:\/\/partycypacjaobywatelska.pl\/przestrzen\/wp-content\/uploads\/sites\/9\/2016\/08\/regulamin-naboru-i-udzialu-w-projekcie_przestrzen-dla-partycypacji-2_zima_2019.pdf\">DO POBRANIA<\/a><\/strong><\/h3>\n<h3 class=\"heading-2\">O\u015aWIADCZENIA do formularza zg\u0142oszeniowego:<\/h3>\n<p>Uwaga &#8211; w\u00a0zale\u017cno\u015bci od sytuacji gminy (dzia\u0142a\u0144 planowanych w ramach projektu &#8222;Przestrze\u0144 dla partycypacji 2&#8221;), nale\u017cy wybra\u0107 <span style=\"text-decoration: underline\">jeden<\/span> z poni\u017cszych dokument\u00f3w.\u00a0Podpisany skan nale\u017cy do\u0142\u0105czy\u0107 podczas\u00a0wype\u0142niania\u00a0<a href=\"https:\/\/partycypacjaobywatelska.pl\/przestrzen\/formularz\/\">formularza zg\u0142oszeniowego<\/a>.<\/p>\n<ul>\n<li>POBIERZ <a href=\"http:\/\/partycypacjaobywatelska.pl\/przestrzen\/wp-content\/uploads\/sites\/9\/2022\/02\/oswiadczenie-studium.pdf\">O\u015aWIADCZENIE_studium<\/a> o spe\u0142nianiu kryteri\u00f3w dost\u0119pu dla gmin chc\u0105cych sporz\u0105dzi\u0107 \/ dokona\u0107 zmiany <u>studium<\/u> uwarunkowa\u0144 i kierunk\u00f3w zagospodarowania przestrzennego<\/li>\n<li>POBIERZ <a href=\"http:\/\/partycypacjaobywatelska.pl\/przestrzen\/wp-content\/uploads\/sites\/9\/2022\/02\/oswiadczenie-plany.pdf\">O\u015aWIADCZENIE_plany<\/a> o spe\u0142nianiu kryteri\u00f3w dost\u0119pu dla gmin chc\u0105cych sporz\u0105dzi\u0107 \/ dokona\u0107 zmiany <u>miejscowego planu zagospodarowania przestrzennego<\/u> \/ <u>miejscowego planu rewitalizacji<\/u><\/li>\n<\/ul>\n<h3 class=\"heading-2\">ZOBOWI\u0104ZANIA:<\/h3>\n<p>Uwaga &#8211; poni\u017csze dokumenty (nale\u017cy wtedy wybra\u0107 <span style=\"text-decoration: underline\">jeden<\/span> z nich) b\u0119d\u0105 potrzebne tylko tym gminom, kt\u00f3re, zg\u0142aszaj\u0105c si\u0119 do\u00a0projektu &#8222;Przestrze\u0144 dla partycypacji 2&#8221;, nie b\u0119d\u0105 posiada\u0107\u00a0uchwa\u0142y dotycz\u0105cej dokumentu planistycznego:<\/p>\n<ul>\n<li><a href=\"http:\/\/partycypacjaobywatelska.pl\/przestrzen\/wp-content\/uploads\/sites\/9\/2016\/08\/zobowiazanie-do-podjecia-uchwaly_studium.docx\"><strong>POBIERZ <a href=\"http:\/\/partycypacjaobywatelska.pl\/przestrzen\/wp-content\/uploads\/sites\/9\/2022\/02\/zobowiazanie-do-podjecia-uchwaly-studium.pdf\">ZOBOWI\u0104ZANIE DO PODJ\u0118CIA UCHWA\u0141Y_studium<\/a><\/strong><\/a> do podj\u0119cia uchwa\u0142y \/ uchwa\u0142 &#8211; wersja\u00a0dla gmin chc\u0105cych sporz\u0105dzi\u0107 <span style=\"text-decoration: underline\">studium<\/span> uwarunkowa\u0144 i kierunk\u00f3w zagospodarowania przestrzennego<\/li>\n<li><a href=\"http:\/\/partycypacjaobywatelska.pl\/przestrzen\/wp-content\/uploads\/sites\/9\/2016\/08\/zobowiazanie-do-podjecia-uchwaly_plany.docx\"><strong>POBIERZ <a href=\"http:\/\/partycypacjaobywatelska.pl\/przestrzen\/wp-content\/uploads\/sites\/9\/2022\/02\/zobowiazanie-do-podjecia-uchwaly-plany.pdf\">ZOBOWI\u0104ZANIE DO PODJ\u0118CIA UCHWA\u0141Y_plany<\/a><\/strong><\/a>\u00a0do podj\u0119cia uchwa\u0142y \/ uchwa\u0142 &#8211; wersja\u00a0dla dla gmin chc\u0105cych sporz\u0105dzi\u0107 <span style=\"text-decoration: underline\">plan zagospodarowania przestrzennego<\/span> lub\u00a0<span style=\"text-decoration: underline\">miejscowy\u00a0plan rewitalizacji<\/span><\/li>\n<\/ul>\n","protected":false},"excerpt":{"rendered":"<p>REGULAMIN CZWARTEGO (UZUPE\u0141NIAJ\u0104CEGO) NABORU I UDZIA\u0141U W PROJEKCIE (wersja aktualna) &#8211; DO POBRANIA REGULAMIN TRZECIEGO (UZUPE\u0141NIAJ\u0104CEGO) NABORU I UDZIA\u0141U W PROJEKCIE &#8211; DO POBRANIA REGULAMIN DRUGIEGO NABORU (2019) I UDZIA\u0141U W PROJEKCIE &#8211; DO POBRANIA REGULAMIN NABORU I UDZIA\u0141U W PROJEKCIE (stara wersja) &#8211; DO POBRANIA O\u015aWIADCZENIA do formularza zg\u0142oszeniowego: Uwaga &#8211; w\u00a0zale\u017cno\u015bci od sytuacji &hellip;<\/p>\n<a href=\"https:\/\/partycypacjaobywatelska.pl\/przestrzen\/dokumenty\/\" class=\"ReadMore\">Czytaj wi\u0119cej<\/a>","protected":false},"author":1,"featured_media":0,"parent":0,"menu_order":0,"comment_status":"closed","ping_status":"closed","template":"","meta":[],"_links":{"self":[{"href":"https:\/\/partycypacjaobywatelska.pl\/przestrzen\/wp-json\/wp\/v2\/pages\/43"}],"collection":[{"href":"https:\/\/partycypacjaobywatelska.pl\/przestrzen\/wp-json\/wp\/v2\/pages"}],"about":[{"href":"https:\/\/partycypacjaobywatelska.pl\/przestrzen\/wp-json\/wp\/v2\/types\/page"}],"author":[{"embeddable":true,"href":"https:\/\/partycypacjaobywatelska.pl\/przestrzen\/wp-json\/wp\/v2\/users\/1"}],"replies":[{"embeddable":true,"href":"https:\/\/partycypacjaobywatelska.pl\/przestrzen\/wp-json\/wp\/v2\/comments?post=43"}],"version-history":[{"count":39,"href":"https:\/\/partycypacjaobywatelska.pl\/przestrzen\/wp-json\/wp\/v2\/pages\/43\/revisions"}],"predecessor-version":[{"id":3526,"href":"https:\/\/partycypacjaobywatelska.pl\/przestrzen\/wp-json\/wp\/v2\/pages\/43\/revisions\/3526"}],"wp:attachment":[{"href":"https:\/\/partycypacjaobywatelska.pl\/przestrzen\/wp-json\/wp\/v2\/media?parent=43"}],"curies":[{"name":"wp","href":"https:\/\/api.w.org\/{rel}","templated":true}]}}