
{"id":41,"date":"2016-08-22T16:25:48","date_gmt":"2016-08-22T14:25:48","guid":{"rendered":"http:\/\/partycypacjaobywatelska.pl\/kopiaprzestrzeni\/?page_id=41"},"modified":"2022-12-14T10:02:47","modified_gmt":"2022-12-14T09:02:47","slug":"do-czego-sie-zglaszam","status":"publish","type":"page","link":"https:\/\/partycypacjaobywatelska.pl\/przestrzen\/do-czego-sie-zglaszam\/","title":{"rendered":"Do czego si\u0119 zg\u0142aszam?"},"content":{"rendered":"<p>W ramach projektu \u201ePrzestrze\u0144 dla partycypacji 2\u201d wspierali\u015bmy samorz\u0105dy w przygotowaniu konsultacji spo\u0142ecznych miejscowych plan\u00f3w zagospodarowania przestrzennego lub studium. Wsparcia udzielili\u015bmy w sumie min. 27 gminom, wybranym w ramach otwartych nabor\u00f3w.<\/p>\n<p><strong>Jakie wsparcie oferowali\u015bmy gminom?<\/strong><\/p>\n<ul>\n<li>wsp\u00f3lnie <strong>planowali\u015bmy przebieg konsultacji<\/strong> dokumentu planistycznego, w tym dobierali\u015bmy narz\u0119dzia pomocne w prowadzeniu konsultacji (r\u00f3wnie\u017c narz\u0119dzia informatyczne),<\/li>\n<li><strong>przyznawali\u015bmy grant<\/strong> na przeprowadzenie konsultacji do wysoko\u015bci 20 tys. z\u0142 (w przypadku wi\u0119kszych proces\u00f3w \u2013 do 25 tys. z\u0142)*,<\/li>\n<li><strong>zapewniali\u015bmy szkolenia, warsztaty i doradztwo<\/strong> ekspert\u00f3w z dziedziny planowania przestrzennego i partycypacji obywatelskiej na etapie przygotowania i realizacji konsultacji spo\u0142ecznych dla os\u00f3b bezpo\u015brednio zaanga\u017cowanych w proces po stronie gminy,<\/li>\n<li><strong>organizowali\u015bmy spotkania s\u0142u\u017c\u0105ce wymianie do\u015bwiadcze\u0144<\/strong> z innymi gminami prowadz\u0105cymi podobne konsultacje w ramach projektu.<\/li>\n<\/ul>\n<p>* Grant m\u00f3g\u0142 by\u0107 przeznaczony jedynie na realizacj\u0119 procesu konsultacji spo\u0142ecznych dokument\u00f3w planistycznych, a nie na fizyczne przygotowanie tych dokument\u00f3w przez projektanta.<\/p>\n","protected":false},"excerpt":{"rendered":"<p>W ramach projektu \u201ePrzestrze\u0144 dla partycypacji 2\u201d wspierali\u015bmy samorz\u0105dy w przygotowaniu konsultacji spo\u0142ecznych miejscowych plan\u00f3w zagospodarowania przestrzennego lub studium. Wsparcia udzielili\u015bmy w sumie min. 27 gminom, wybranym w ramach otwartych nabor\u00f3w. Jakie wsparcie oferowali\u015bmy gminom? wsp\u00f3lnie planowali\u015bmy przebieg konsultacji dokumentu planistycznego, w tym dobierali\u015bmy narz\u0119dzia pomocne w prowadzeniu konsultacji (r\u00f3wnie\u017c narz\u0119dzia informatyczne), przyznawali\u015bmy grant na &hellip;<\/p>\n<a href=\"https:\/\/partycypacjaobywatelska.pl\/przestrzen\/do-czego-sie-zglaszam\/\" class=\"ReadMore\">Czytaj wi\u0119cej<\/a>","protected":false},"author":1,"featured_media":0,"parent":0,"menu_order":0,"comment_status":"closed","ping_status":"closed","template":"","meta":[],"_links":{"self":[{"href":"https:\/\/partycypacjaobywatelska.pl\/przestrzen\/wp-json\/wp\/v2\/pages\/41"}],"collection":[{"href":"https:\/\/partycypacjaobywatelska.pl\/przestrzen\/wp-json\/wp\/v2\/pages"}],"about":[{"href":"https:\/\/partycypacjaobywatelska.pl\/przestrzen\/wp-json\/wp\/v2\/types\/page"}],"author":[{"embeddable":true,"href":"https:\/\/partycypacjaobywatelska.pl\/przestrzen\/wp-json\/wp\/v2\/users\/1"}],"replies":[{"embeddable":true,"href":"https:\/\/partycypacjaobywatelska.pl\/przestrzen\/wp-json\/wp\/v2\/comments?post=41"}],"version-history":[{"count":29,"href":"https:\/\/partycypacjaobywatelska.pl\/przestrzen\/wp-json\/wp\/v2\/pages\/41\/revisions"}],"predecessor-version":[{"id":3662,"href":"https:\/\/partycypacjaobywatelska.pl\/przestrzen\/wp-json\/wp\/v2\/pages\/41\/revisions\/3662"}],"wp:attachment":[{"href":"https:\/\/partycypacjaobywatelska.pl\/przestrzen\/wp-json\/wp\/v2\/media?parent=41"}],"curies":[{"name":"wp","href":"https:\/\/api.w.org\/{rel}","templated":true}]}}