
{"id":369,"date":"2017-01-31T16:22:00","date_gmt":"2017-01-31T15:22:00","guid":{"rendered":"http:\/\/partycypacjaobywatelska.pl\/przestrzen\/?page_id=369"},"modified":"2022-02-02T22:41:31","modified_gmt":"2022-02-02T21:41:31","slug":"formularz","status":"publish","type":"page","link":"https:\/\/partycypacjaobywatelska.pl\/przestrzen\/formularz\/","title":{"rendered":"Formularz zg\u0142oszeniowy"},"content":{"rendered":"<p>Formularz zg\u0142oszeniowy znajduje si\u0119 <span style=\"text-decoration: underline;\">poni\u017cej<\/span>.<\/p>\n<p>Przed jego wype\u0142nieniem sugerujemy:<\/p>\n<p>1) Przygotuj dane, kt\u00f3re b\u0119d\u0105 potrzebne do wype\u0142nienia formularza:<\/p>\n<ul>\n<li>dot. sytuacji planistycznej gminy w 2020 roku z raportu GUS PP-1 \u201ePlanowanie przestrzenne w gminie\u201d<\/li>\n<li>dot. powierzchni ewidencyjnej gminy<\/li>\n<\/ul>\n<p>2) Pobierz\u00a0z zak\u0142adki <strong><a href=\"http:\/\/partycypacjaobywatelska.pl\/przestrzen\/dokumenty\/\" target=\"_blank\" rel=\"noopener noreferrer\">&gt;&gt; Dokumenty<\/a><\/strong> i uzupe\u0142nij:<\/p>\n<ul>\n<li>O\u015bwiadczenie do formularza zg\u0142oszeniowego w jednej z dw\u00f3ch wersji<\/li>\n<\/ul>\n<p>3) Przygotuj\u00a0skany dokument\u00f3w (kt\u00f3re trzeba b\u0119dzie do\u0142\u0105czy\u0107 do formularza na ko\u0144cu). Uwaga! Przygotuj w\u0142a\u015bciwe dokumenty w zale\u017cno\u015bci od tego, jaki proces konsultacyjny chcesz przeprowadzi\u0107 w Twojej gminie. Lista dokument\u00f3w, kt\u00f3re nale\u017cy uwzgl\u0119dni\u0107 w projekcie \u201cPrzestrze\u0144 dla partycypacji 2\u201d znajduje si\u0119 poni\u017cej:<\/p>\n<ul>\n<li>Uchwa\u0142a lub uchwa\u0142y w sprawie przyst\u0105pienia do sporz\u0105dzania dokumentu lub dokument\u00f3w planistycznych wraz z za\u0142\u0105cznikami i uzasadnieniem<\/li>\n<li>Zobowi\u0105zanie do podj\u0119cia uchwa\u0142y o przyst\u0105pieniu do sporz\u0105dzania dokumentu lub dokument\u00f3w planistycznych ze wskazaniem proponowanych granic obszar\u00f3w, kt\u00f3re b\u0119d\u0105 w przysz\u0142o\u015bci obj\u0119te ustaleniami tego dokument\u00f3w lub dokument\u00f3w, narysowanych na podk\u0142adzie mapy zasadniczej, ewidencyjnej lub topograficznej<\/li>\n<li>Wypis i wyrys ze studium uwarunkowa\u0144 i kierunk\u00f3w zagospodarowania przestrzennego gminy, zawieraj\u0105cy ustalenia dla obszaru podejmowanego planu miejscowego<\/li>\n<\/ul>\n<p>Przy wype\u0142nianiu Sekcji \u201eDo\u015bwiadczenia gminy w zakresie dzia\u0142a\u0144 w\u0142\u0105czaj\u0105cych mieszka\u0144c\u00f3w w procesy podejmowania decyzji\u201d formularza mo\u017ce by\u0107 pomocna osoba odpowiedzialna za prowadzenie konsultacji spo\u0142ecznych i dialog z mieszka\u0144cami w gminie.<\/p>\n","protected":false},"excerpt":{"rendered":"<p>Formularz zg\u0142oszeniowy znajduje si\u0119 poni\u017cej. Przed jego wype\u0142nieniem sugerujemy: 1) Przygotuj dane, kt\u00f3re b\u0119d\u0105 potrzebne do wype\u0142nienia formularza: dot. sytuacji planistycznej gminy w 2020 roku z raportu GUS PP-1 \u201ePlanowanie przestrzenne w gminie\u201d dot. powierzchni ewidencyjnej gminy 2) Pobierz\u00a0z zak\u0142adki &gt;&gt; Dokumenty i uzupe\u0142nij: O\u015bwiadczenie do formularza zg\u0142oszeniowego w jednej z dw\u00f3ch wersji 3) Przygotuj\u00a0skany &hellip;<\/p>\n<a href=\"https:\/\/partycypacjaobywatelska.pl\/przestrzen\/formularz\/\" class=\"ReadMore\">Czytaj wi\u0119cej<\/a>","protected":false},"author":133,"featured_media":0,"parent":0,"menu_order":0,"comment_status":"closed","ping_status":"closed","template":"templates\/custom-signupForm.php","meta":[],"_links":{"self":[{"href":"https:\/\/partycypacjaobywatelska.pl\/przestrzen\/wp-json\/wp\/v2\/pages\/369"}],"collection":[{"href":"https:\/\/partycypacjaobywatelska.pl\/przestrzen\/wp-json\/wp\/v2\/pages"}],"about":[{"href":"https:\/\/partycypacjaobywatelska.pl\/przestrzen\/wp-json\/wp\/v2\/types\/page"}],"author":[{"embeddable":true,"href":"https:\/\/partycypacjaobywatelska.pl\/przestrzen\/wp-json\/wp\/v2\/users\/133"}],"replies":[{"embeddable":true,"href":"https:\/\/partycypacjaobywatelska.pl\/przestrzen\/wp-json\/wp\/v2\/comments?post=369"}],"version-history":[{"count":11,"href":"https:\/\/partycypacjaobywatelska.pl\/przestrzen\/wp-json\/wp\/v2\/pages\/369\/revisions"}],"predecessor-version":[{"id":3495,"href":"https:\/\/partycypacjaobywatelska.pl\/przestrzen\/wp-json\/wp\/v2\/pages\/369\/revisions\/3495"}],"wp:attachment":[{"href":"https:\/\/partycypacjaobywatelska.pl\/przestrzen\/wp-json\/wp\/v2\/media?parent=369"}],"curies":[{"name":"wp","href":"https:\/\/api.w.org\/{rel}","templated":true}]}}