
{"id":130,"date":"2017-03-01T15:42:40","date_gmt":"2017-03-01T14:42:40","guid":{"rendered":"http:\/\/partycypacjaobywatelska.pl\/przestrzen\/?page_id=130"},"modified":"2019-08-30T11:38:19","modified_gmt":"2019-08-30T09:38:19","slug":"uczestnicy","status":"publish","type":"page","link":"https:\/\/partycypacjaobywatelska.pl\/przestrzen\/uczestnicy\/","title":{"rendered":"Uczestnicy"},"content":{"rendered":"<p>Zobacz, kto bra\u0142 udzia\u0142 w pierwszej (I), a kto bierze udzia\u0142 w obecnej (II) edycji projektu &#8222;Przestrze\u0144 dla partycypacji&#8221;:<\/p>\n","protected":false},"excerpt":{"rendered":"<p>Zobacz, kto bra\u0142 udzia\u0142 w pierwszej (I), a kto bierze udzia\u0142 w obecnej (II) edycji projektu &#8222;Przestrze\u0144 dla partycypacji&#8221;:<\/p>\n<a href=\"https:\/\/partycypacjaobywatelska.pl\/przestrzen\/uczestnicy\/\" class=\"ReadMore\">Czytaj wi\u0119cej<\/a>","protected":false},"author":133,"featured_media":0,"parent":0,"menu_order":0,"comment_status":"closed","ping_status":"closed","template":"templates\/custom-participants.php","meta":[],"_links":{"self":[{"href":"https:\/\/partycypacjaobywatelska.pl\/przestrzen\/wp-json\/wp\/v2\/pages\/130"}],"collection":[{"href":"https:\/\/partycypacjaobywatelska.pl\/przestrzen\/wp-json\/wp\/v2\/pages"}],"about":[{"href":"https:\/\/partycypacjaobywatelska.pl\/przestrzen\/wp-json\/wp\/v2\/types\/page"}],"author":[{"embeddable":true,"href":"https:\/\/partycypacjaobywatelska.pl\/przestrzen\/wp-json\/wp\/v2\/users\/133"}],"replies":[{"embeddable":true,"href":"https:\/\/partycypacjaobywatelska.pl\/przestrzen\/wp-json\/wp\/v2\/comments?post=130"}],"version-history":[{"count":7,"href":"https:\/\/partycypacjaobywatelska.pl\/przestrzen\/wp-json\/wp\/v2\/pages\/130\/revisions"}],"predecessor-version":[{"id":2522,"href":"https:\/\/partycypacjaobywatelska.pl\/przestrzen\/wp-json\/wp\/v2\/pages\/130\/revisions\/2522"}],"wp:attachment":[{"href":"https:\/\/partycypacjaobywatelska.pl\/przestrzen\/wp-json\/wp\/v2\/media?parent=130"}],"curies":[{"name":"wp","href":"https:\/\/api.w.org\/{rel}","templated":true}]}}