
{"id":11,"date":"2016-08-22T11:54:46","date_gmt":"2016-08-22T09:54:46","guid":{"rendered":"http:\/\/partycypacjaobywatelska.pl\/kopiaprzestrzeni\/?page_id=11"},"modified":"2017-02-01T10:19:27","modified_gmt":"2017-02-01T09:19:27","slug":"zglos-sie","status":"publish","type":"page","link":"https:\/\/partycypacjaobywatelska.pl\/przestrzen\/zglos-sie\/","title":{"rendered":"Zg\u0142o\u015b si\u0119"},"content":{"rendered":"","protected":false},"excerpt":{"rendered":"<a href=\"https:\/\/partycypacjaobywatelska.pl\/przestrzen\/zglos-sie\/\" class=\"ReadMore\">Czytaj wi\u0119cej<\/a>","protected":false},"author":133,"featured_media":0,"parent":0,"menu_order":0,"comment_status":"closed","ping_status":"closed","template":"templates\/custom-menuBelowContent.php","meta":[],"_links":{"self":[{"href":"https:\/\/partycypacjaobywatelska.pl\/przestrzen\/wp-json\/wp\/v2\/pages\/11"}],"collection":[{"href":"https:\/\/partycypacjaobywatelska.pl\/przestrzen\/wp-json\/wp\/v2\/pages"}],"about":[{"href":"https:\/\/partycypacjaobywatelska.pl\/przestrzen\/wp-json\/wp\/v2\/types\/page"}],"author":[{"embeddable":true,"href":"https:\/\/partycypacjaobywatelska.pl\/przestrzen\/wp-json\/wp\/v2\/users\/133"}],"replies":[{"embeddable":true,"href":"https:\/\/partycypacjaobywatelska.pl\/przestrzen\/wp-json\/wp\/v2\/comments?post=11"}],"version-history":[{"count":22,"href":"https:\/\/partycypacjaobywatelska.pl\/przestrzen\/wp-json\/wp\/v2\/pages\/11\/revisions"}],"predecessor-version":[{"id":383,"href":"https:\/\/partycypacjaobywatelska.pl\/przestrzen\/wp-json\/wp\/v2\/pages\/11\/revisions\/383"}],"wp:attachment":[{"href":"https:\/\/partycypacjaobywatelska.pl\/przestrzen\/wp-json\/wp\/v2\/media?parent=11"}],"curies":[{"name":"wp","href":"https:\/\/api.w.org\/{rel}","templated":true}]}}