{"id":346,"date":"2021-08-16T10:23:44","date_gmt":"2021-08-16T08:23:44","guid":{"rendered":"https:\/\/partycypacjaobywatelska.pl\/praktycy\/?page_id=346"},"modified":"2021-08-16T13:07:55","modified_gmt":"2021-08-16T11:07:55","slug":"strona-glowna","status":"publish","type":"page","link":"https:\/\/partycypacjaobywatelska.pl\/praktycy\/","title":{"rendered":"Strona g\u0142\u00f3wna"},"content":{"rendered":"\n<p><strong>Praktycy i praktyczki partycypacji to osoby, kt\u00f3re na co dzie\u0144 zajmuj\u0105 si\u0119 partycypacj\u0105 obywatelsk\u0105:<\/strong> planuj\u0105, organizuj\u0105 i prowadz\u0105 konsultacje spo\u0142eczne, moderuj\u0105 dyskusje i warsztaty, pomagaj\u0105 mieszka\u0144com i mieszkankom korzysta\u0107 z bud\u017cetu obywatelskiego, inicjatywy lokalnej itp. Mo\u017cna ich spotka\u0107 w urz\u0119dach, organizacjach pozarz\u0105dowych, grupach nieformalnych, ale te\u017c w firmach i na uczelniach.<\/p>\n<p>\u00a0<\/p>\n<p>Pracuj\u0105c od ponad 10 lat w \u015brodowisku os\u00f3b rozwijaj\u0105cych i praktykuj\u0105cych w Polsce dzia\u0142ania partycypacyjne, wiemy, \u017ce \u0142\u0105czy je poczucie misji zwi\u0105zanej z uprawianiem partycypacji coraz m\u0105drzej i skuteczniej oraz stwarzaniem coraz wi\u0119kszych mo\u017cliwo\u015bci udzia\u0142u obywateli i obywatelek we wsp\u00f3\u0142decydowaniu o wa\u017cnych dla nich sprawach. Z tym poczuciem \u0142\u0105czy si\u0119 potrzeba uczenia si\u0119 od siebie nawzajem, wspierania innych, pomagania sobie w podejmowaniu nowych inicjatyw.<\/p>\n<p>\u00a0<\/p>\n<p>Dlatego w 2014 roku stworzyli\u015bmy Baz\u0119 Praktyk\u00f3w Partycypacji, a teraz oddajemy j\u0105 w Wasze r\u0119ce w nowej, od\u015bwie\u017conej ods\u0142onie &#8211; mamy nadziej\u0119, \u017ce dzi\u0119ki niej \u0142atwiej poznacie inne osoby zaanga\u017cowane w partycypacj\u0119 obywatelsk\u0105, wymienicie si\u0119 do\u015bwiadczeniami, poprosicie o wsparcie lub zaprosicie do wsp\u00f3\u0142pracy.<\/p>\n<p>\u00a0<\/p>\n<p>zesp\u00f3\u0142 partycypacji obywatelskiej<\/p>\n<p>Fundacja Stocznia<\/p>\n","protected":false},"excerpt":{"rendered":"<p>Praktycy i praktyczki partycypacji to osoby, kt\u00f3re na co dzie\u0144 zajmuj\u0105 si\u0119 partycypacj\u0105 obywatelsk\u0105: planuj\u0105, organizuj\u0105 i prowadz\u0105 konsultacje spo\u0142eczne, moderuj\u0105 dyskusje i warsztaty, pomagaj\u0105 mieszka\u0144com i mieszkankom korzysta\u0107 z bud\u017cetu obywatelskiego, inicjatywy lokalnej itp. Mo\u017cna ich spotka\u0107 w urz\u0119dach, organizacjach pozarz\u0105dowych, grupach nieformalnych, ale te\u017c w firmach i na uczelniach. \u00a0 Pracuj\u0105c od ponad [&hellip;]<\/p>\n","protected":false},"author":1,"featured_media":0,"parent":0,"menu_order":0,"comment_status":"closed","ping_status":"closed","template":"templates\/home-page.php","meta":[],"_links":{"self":[{"href":"https:\/\/partycypacjaobywatelska.pl\/praktycy\/wp-json\/wp\/v2\/pages\/346"}],"collection":[{"href":"https:\/\/partycypacjaobywatelska.pl\/praktycy\/wp-json\/wp\/v2\/pages"}],"about":[{"href":"https:\/\/partycypacjaobywatelska.pl\/praktycy\/wp-json\/wp\/v2\/types\/page"}],"author":[{"embeddable":true,"href":"https:\/\/partycypacjaobywatelska.pl\/praktycy\/wp-json\/wp\/v2\/users\/1"}],"replies":[{"embeddable":true,"href":"https:\/\/partycypacjaobywatelska.pl\/praktycy\/wp-json\/wp\/v2\/comments?post=346"}],"version-history":[{"count":4,"href":"https:\/\/partycypacjaobywatelska.pl\/praktycy\/wp-json\/wp\/v2\/pages\/346\/revisions"}],"predecessor-version":[{"id":447,"href":"https:\/\/partycypacjaobywatelska.pl\/praktycy\/wp-json\/wp\/v2\/pages\/346\/revisions\/447"}],"wp:attachment":[{"href":"https:\/\/partycypacjaobywatelska.pl\/praktycy\/wp-json\/wp\/v2\/media?parent=346"}],"curies":[{"name":"wp","href":"https:\/\/api.w.org\/{rel}","templated":true}]}}