{"id":9,"date":"2016-01-08T16:36:42","date_gmt":"2016-01-08T15:36:42","guid":{"rendered":"http:\/\/partycypacjaobywatelska.pl\/konsultacje\/kontultacje-z-zasadami-materialy\/"},"modified":"2016-01-08T17:29:29","modified_gmt":"2016-01-08T16:29:29","slug":"materialy","status":"publish","type":"page","link":"https:\/\/partycypacjaobywatelska.pl\/konsultacje\/materialy\/","title":{"rendered":"Materia\u0142y"},"content":{"rendered":"<h1>Materia\u0142y<\/h1>\n<p>Tre\u015bci w tym dziale b\u0119d\u0105 si\u0119 pojawia\u0107 w toku projektu, a wi\u0119c ju\u017c niebawem!<\/p>\n","protected":false},"excerpt":{"rendered":"<p>Materia\u0142y Tre\u015bci w tym dziale b\u0119d\u0105 si\u0119 pojawia\u0107 w toku projektu, a wi\u0119c ju\u017c niebawem!<\/p>\n","protected":false},"author":1,"featured_media":0,"parent":0,"menu_order":0,"comment_status":"open","ping_status":"open","template":"template-konsultacje-materialy.php","meta":[],"_links":{"self":[{"href":"https:\/\/partycypacjaobywatelska.pl\/konsultacje\/wp-json\/wp\/v2\/pages\/9"}],"collection":[{"href":"https:\/\/partycypacjaobywatelska.pl\/konsultacje\/wp-json\/wp\/v2\/pages"}],"about":[{"href":"https:\/\/partycypacjaobywatelska.pl\/konsultacje\/wp-json\/wp\/v2\/types\/page"}],"author":[{"embeddable":true,"href":"https:\/\/partycypacjaobywatelska.pl\/konsultacje\/wp-json\/wp\/v2\/users\/1"}],"replies":[{"embeddable":true,"href":"https:\/\/partycypacjaobywatelska.pl\/konsultacje\/wp-json\/wp\/v2\/comments?post=9"}],"version-history":[{"count":2,"href":"https:\/\/partycypacjaobywatelska.pl\/konsultacje\/wp-json\/wp\/v2\/pages\/9\/revisions"}],"predecessor-version":[{"id":5066,"href":"https:\/\/partycypacjaobywatelska.pl\/konsultacje\/wp-json\/wp\/v2\/pages\/9\/revisions\/5066"}],"wp:attachment":[{"href":"https:\/\/partycypacjaobywatelska.pl\/konsultacje\/wp-json\/wp\/v2\/media?parent=9"}],"curies":[{"name":"wp","href":"https:\/\/api.w.org\/{rel}","templated":true}]}}