{"id":8,"date":"2016-01-08T16:36:42","date_gmt":"2016-01-08T15:36:42","guid":{"rendered":"http:\/\/partycypacjaobywatelska.pl\/konsultacje\/kontultacje-z-zasadami-wydarzenia\/"},"modified":"2016-01-08T17:27:50","modified_gmt":"2016-01-08T16:27:50","slug":"wydarzenia","status":"publish","type":"page","link":"https:\/\/partycypacjaobywatelska.pl\/konsultacje\/wydarzenia\/","title":{"rendered":"Wydarzenia"},"content":{"rendered":"<h1>Wydarzenia<\/h1>\n<p>Poni\u017cej znajduje si\u0119 wyszukiwarka najwa\u017cniejszych dzia\u0142a\u0144 organizowanych w ramach projektu \u201eKonsultacje z zasadami\u201d, a tak\u017ce innych wydarze\u0144, wa\u017cnych z punktu widzenia wdra\u017cania czytelnych regu\u0142 konsultacji spo\u0142ecznych w Polsce. Wydarzenia u\u0142o\u017cone s\u0105 wed\u0142ug czterech g\u0142\u00f3wnych komponent\u00f3w projektu. Wydarzenia poza-projektowe znajdziesz klikaj\u0105c \u201eInne wydarzenia\u201d.<\/p>\n","protected":false},"excerpt":{"rendered":"<p>Wydarzenia Poni\u017cej znajduje si\u0119 wyszukiwarka najwa\u017cniejszych dzia\u0142a\u0144 organizowanych w ramach projektu \u201eKonsultacje z zasadami\u201d, a tak\u017ce innych wydarze\u0144, wa\u017cnych z punktu widzenia wdra\u017cania czytelnych regu\u0142 konsultacji spo\u0142ecznych w Polsce. Wydarzenia u\u0142o\u017cone s\u0105 wed\u0142ug czterech g\u0142\u00f3wnych komponent\u00f3w projektu. Wydarzenia poza-projektowe znajdziesz klikaj\u0105c \u201eInne wydarzenia\u201d.<\/p>\n","protected":false},"author":1,"featured_media":0,"parent":0,"menu_order":0,"comment_status":"open","ping_status":"open","template":"template-konsultacje-wydarzenia.php","meta":[],"_links":{"self":[{"href":"https:\/\/partycypacjaobywatelska.pl\/konsultacje\/wp-json\/wp\/v2\/pages\/8"}],"collection":[{"href":"https:\/\/partycypacjaobywatelska.pl\/konsultacje\/wp-json\/wp\/v2\/pages"}],"about":[{"href":"https:\/\/partycypacjaobywatelska.pl\/konsultacje\/wp-json\/wp\/v2\/types\/page"}],"author":[{"embeddable":true,"href":"https:\/\/partycypacjaobywatelska.pl\/konsultacje\/wp-json\/wp\/v2\/users\/1"}],"replies":[{"embeddable":true,"href":"https:\/\/partycypacjaobywatelska.pl\/konsultacje\/wp-json\/wp\/v2\/comments?post=8"}],"version-history":[{"count":2,"href":"https:\/\/partycypacjaobywatelska.pl\/konsultacje\/wp-json\/wp\/v2\/pages\/8\/revisions"}],"predecessor-version":[{"id":5062,"href":"https:\/\/partycypacjaobywatelska.pl\/konsultacje\/wp-json\/wp\/v2\/pages\/8\/revisions\/5062"}],"wp:attachment":[{"href":"https:\/\/partycypacjaobywatelska.pl\/konsultacje\/wp-json\/wp\/v2\/media?parent=8"}],"curies":[{"name":"wp","href":"https:\/\/api.w.org\/{rel}","templated":true}]}}