{"id":5160,"date":"2018-05-24T14:06:03","date_gmt":"2018-05-24T12:06:03","guid":{"rendered":"http:\/\/partycypacjaobywatelska.pl\/konsultacje\/?page_id=5160"},"modified":"2018-05-24T14:55:26","modified_gmt":"2018-05-24T12:55:26","slug":"polityka-prywatnosci","status":"publish","type":"page","link":"https:\/\/partycypacjaobywatelska.pl\/konsultacje\/polityka-prywatnosci\/","title":{"rendered":"Polityka prywatno\u015bci"},"content":{"rendered":"<p><span style=\"color: #000000;\"><strong>\u00a0<\/strong><\/span><\/p>\n<p><span style=\"color: #000000;\"><strong>Postanowienia og\u00f3lne<\/strong><\/span><\/p>\n<p><span style=\"color: #000000;\">Niniejsza Polityka Prywatno\u015bci dotyczy serwisu \u201eKonsultacje z zasadami\u201d znajduj\u0105cego si\u0119 pod adresem elektronicznym<\/span> <a href=\"konsultacjezzasadami.pl\">konsultacjezzasadami.pl<\/a><span style=\"color: #000000;\">, zwanego dalej \u201eSerwisem\u201d. Brak akceptacji Polityki Prywatno\u015bci jest r\u00f3wnoznaczny z brakiem mo\u017cliwo\u015bci korzystania z\u00a0Serwisu.<\/span><\/p>\n<p><span style=\"color: #000000;\">Wsp\u00f3\u0142operatorami Serwisu s\u0105:<\/span><\/p>\n<ul style=\"list-style-type: square;\">\n<li><span style=\"color: #000000;\"><strong>Fundacja Pracownia Bada\u0144 i Innowacji Spo\u0142ecznych \u201eStocznia\u201d<\/strong>, z siedzib\u0105 w Warszawie przy Placu Zamkowym 10, 00-277 Warszawa, wpisana do rejestru stowarzysze\u0144, innych organizacji spo\u0142ecznych i zawodowych, fundacji oraz publicznych zak\u0142ad\u00f3w opieki zdrowotnej i do rejestru przedsi\u0119biorc\u00f3w prowadzonych przez S\u0105d Rejonowy dla m.st. Warszawy w Warszawie, XII Wydzia\u0142 Gospodarczy Krajowego Rejestru S\u0105dowego, nr KRS 324413, nr NIP 7010170150, REGON 141754758;<\/span><\/li>\n<li><span style=\"color: #000000;\"><strong>Fundacja Inicjatyw Spo\u0142eczno-Ekonomicznych<\/strong>, z siedzib\u0105 w Warszawie przy Placu Konstytucji 5 lok. 14, 00-657 Warszawa, wpisana do rejestru stowarzysze\u0144, innych organizacji spo\u0142ecznych i zawodowych, fundacji oraz publicznych zak\u0142ad\u00f3w opieki zdrowotnej i do rejestru przedsi\u0119biorc\u00f3w prowadzonych przez S\u0105d Rejonowy dla m.st. Warszawy w Warszawie, XII Wydzia\u0142 Gospodarczy Krajowego Rejestru S\u0105dowego, nr KRS 26197, NIP 5251007953, REGON 002177620.<\/span><\/li>\n<\/ul>\n<p><span style=\"color: #000000;\">W Serwisie publicznie widoczne s\u0105 r\u00f3wnie\u017c dane kontaktowe os\u00f3b wspieraj\u0105cych funkcjonowanie Serwisu.<\/span><\/p>\n<p><span style=\"color: #000000;\">Podczas przegl\u0105dania Serwisu przez U\u017cytkownika automatycznie zbierane s\u0105 takie informacje, jak: adres IP, typ przegl\u0105darki, typ systemu operacyjnego oraz nazwa domeny, z kt\u00f3rej U\u017cytkownik wchodzi do Serwisu. Wykorzystujemy je do tworzenia statystyk odwiedzin Serwisu (za pomoc\u0105 narz\u0119dzia Google Analytics) oraz diagnozowania problem\u00f3w technicznych, co u\u0142atwia nam sprawnie administrowanie Serwisem.<\/span><\/p>\n<p><span style=\"color: #000000;\"><strong>Pliki cookie<\/strong><\/span><\/p>\n<p><span style=\"color: #000000;\">Serwis wykorzystuje pliki tekstowe, czyli tzw. cookies (ciasteczka). Plik cookie zwykle zawiera nazw\u0119 domeny, z kt\u00f3rej pochodzi, sw\u00f3j \u201eokres wa\u017cno\u015bci\u201d oraz indywidualn\u0105, losowo wybran\u0105 liczb\u0119 identyfikuj\u0105c\u0105 ten plik. Informacje zbierane za pomoc\u0105 plik\u00f3w cookie pomagaj\u0105 dostosowywa\u0107 Serwis do indywidualnych preferencji i rzeczywistych potrzeb U\u017cytkownik\u00f3w. Daj\u0105 te\u017c mo\u017cliwo\u015b\u0107 opracowywania og\u00f3lnych statystyk korzystania z Serwisu.<\/span><\/p>\n<p><span style=\"color: #000000;\">Pliki cookie nie s\u0105 przez nas wykorzystywane do pozyskiwania jakichkolwiek danych identyfikuj\u0105cych U\u017cytkownik\u00f3w Serwisu ani \u015bledzenia ich nawigacji.<\/span><\/p>\n<p><span style=\"color: #000000;\">U\u017cytkownik mo\u017ce zmodyfikowa\u0107 ustawienia plik\u00f3w cookie (w tym odm\u00f3wi\u0107 korzystania z plik\u00f3w tego rodzaju), wybieraj\u0105c odpowiednie ustawienia w przegl\u0105darce, jednak w\u00f3wczas nie b\u0119dzie m\u00f3g\u0142 korzysta\u0107 z pe\u0142nej funkcjonalno\u015bci Serwisu. Brak zmiany tych ustawie\u0144 oznacza akceptacj\u0119 dla stosowania plik\u00f3w cookie przez Serwis.<\/span><\/p>\n<p><span style=\"color: #000000;\"><strong>Zakres i zmiana Polityki prywatno\u015bci<\/strong><\/span><\/p>\n<p><span style=\"color: #000000;\">Zasady ochrony prywatno\u015bci przedstawione w tej Polityce Prywatno\u015bci dotycz\u0105 jedynie Serwisu znajduj\u0105cego si\u0119 w domenie konsultacjezzasadami.pl. Nie odpowiadamy za polityk\u0119 prywatno\u015bci stron internetowych innych instytucji, do kt\u00f3rych linki znajduj\u0105 si\u0119 w Serwisie.<\/span><\/p>\n<p><span style=\"color: #000000;\">Zastrzegamy sobie ponadto prawo do zmiany powy\u017cszej Polityki Prywatno\u015bci w dowolnym terminie poprzez opublikowanie jej nowej wersji w Serwisie. O zmianach b\u0119dziemy informowali U\u017cytkownik\u00f3w w widoczny spos\u00f3b z co najmniej 7-dniowym wyprzedzeniem. Korzystanie przez U\u017cytkownika z Serwisu po wprowadzeniu tych zmian r\u00f3wnoznaczne jest z wyra\u017ceniem dla nich zrozumienia i akceptacji.<\/span><\/p>\n<p><span style=\"color: #000000;\">Niniejsza Polityka Prywatno\u015bci obowi\u0105zuje w ostatniej wersji od dnia 24 maja 2018 r.<\/span><\/p>\n<p><span style=\"color: #000000;\"><strong>Kontakt i dodatkowe informacje<\/strong><\/span><\/p>\n<p><span style=\"color: #000000;\">W razie dodatkowych pyta\u0144 dotycz\u0105cych ochrony prywatno\u015bci, prosimy o kontakt na adres<\/span> <a href=\"mailto:partycypacja@stocznia.org.pl\">partycypacja@stocznia.org.pl<\/a> <span style=\"color: #000000;\">lub<\/span> <a href=\"mailto:fise@fise.org.pl\">fise@fise.org.pl<\/a>. <span style=\"color: #000000;\">Wszelkie informacje, kt\u00f3re U\u017cytkownicy Serwisu przeka\u017c\u0105, kontaktuj\u0105c si\u0119 z nami, zostan\u0105 wykorzystane w celu udzielenia ewentualnej odpowiedzi.<\/span><\/p>\n","protected":false},"excerpt":{"rendered":"<p>\u00a0 Postanowienia og\u00f3lne Niniejsza Polityka Prywatno\u015bci dotyczy serwisu \u201eKonsultacje z zasadami\u201d znajduj\u0105cego si\u0119 pod adresem elektronicznym konsultacjezzasadami.pl, zwanego dalej \u201eSerwisem\u201d. Brak akceptacji Polityki Prywatno\u015bci jest r\u00f3wnoznaczny z brakiem mo\u017cliwo\u015bci korzystania z\u00a0Serwisu. Wsp\u00f3\u0142operatorami Serwisu s\u0105: Fundacja Pracownia Bada\u0144 i Innowacji Spo\u0142ecznych \u201eStocznia\u201d, z siedzib\u0105 w Warszawie przy Placu Zamkowym 10, 00-277 Warszawa, wpisana do rejestru stowarzysze\u0144, [&hellip;]<\/p>\n","protected":false},"author":1,"featured_media":0,"parent":0,"menu_order":0,"comment_status":"open","ping_status":"open","template":"template-konsultacje-o-nas.php","meta":[],"_links":{"self":[{"href":"https:\/\/partycypacjaobywatelska.pl\/konsultacje\/wp-json\/wp\/v2\/pages\/5160"}],"collection":[{"href":"https:\/\/partycypacjaobywatelska.pl\/konsultacje\/wp-json\/wp\/v2\/pages"}],"about":[{"href":"https:\/\/partycypacjaobywatelska.pl\/konsultacje\/wp-json\/wp\/v2\/types\/page"}],"author":[{"embeddable":true,"href":"https:\/\/partycypacjaobywatelska.pl\/konsultacje\/wp-json\/wp\/v2\/users\/1"}],"replies":[{"embeddable":true,"href":"https:\/\/partycypacjaobywatelska.pl\/konsultacje\/wp-json\/wp\/v2\/comments?post=5160"}],"version-history":[{"count":3,"href":"https:\/\/partycypacjaobywatelska.pl\/konsultacje\/wp-json\/wp\/v2\/pages\/5160\/revisions"}],"predecessor-version":[{"id":5164,"href":"https:\/\/partycypacjaobywatelska.pl\/konsultacje\/wp-json\/wp\/v2\/pages\/5160\/revisions\/5164"}],"wp:attachment":[{"href":"https:\/\/partycypacjaobywatelska.pl\/konsultacje\/wp-json\/wp\/v2\/media?parent=5160"}],"curies":[{"name":"wp","href":"https:\/\/api.w.org\/{rel}","templated":true}]}}