{"id":5074,"date":"2016-01-20T16:16:06","date_gmt":"2016-01-20T15:16:06","guid":{"rendered":"http:\/\/partycypacjaobywatelska.pl\/konsultacje\/?page_id=5074"},"modified":"2016-01-20T16:16:06","modified_gmt":"2016-01-20T15:16:06","slug":"konsultacje-okielznane","status":"publish","type":"page","link":"https:\/\/partycypacjaobywatelska.pl\/konsultacje\/konsultacje-okielznane\/","title":{"rendered":"Konsultacje okie\u0142znane"},"content":{"rendered":"<p><img loading=\"lazy\" class=\"aligncenter wp-image-5023\" src=\"http:\/\/partycypacjaobywatelska.pl\/wp-content\/uploads\/2015\/12\/IMG_5219-1024x393.jpg\" alt=\"IMG_5219\" width=\"704\" height=\"270\" \/><\/p>\n<p>O konsultacjach pisze si\u0119 coraz wi\u0119cej, a poza literatur\u0105 przedmiotu jest tak\u017ce sporo r\u00f3\u017cnych projekt\u00f3w ukierunkowanych na to zagadnienie. \u201eKonsultacje okie\u0142znane\u201d nie maj\u0105 ambicji z nimi konkurowa\u0107, ale chcemy w tej publikacji spojrze\u0107 na konsultacje przekrojowo, wybieraj\u0105c najbardziej wed\u0142ug nas istotne obecnie zagadnienia. Ten wyb\u00f3r podyktowany jest do\u015bwiadczeniem zdobytym podczas prowadzenia dzia\u0142a\u0144 lokalnych w projekcie \u201eKonsultacje z zasadami\u201d, w ramach kt\u00f3rego partycypacyjnie z mieszka\u0144cami, organizacjami pozarz\u0105dowymi i urz\u0119dnikami z siedmiu miast w Polsce pracowali\u015bmy nad regu\u0142ami konsultacji. Prac\u0119 wie\u0144czy\u0142y regulaminy konsultacji oraz dodatkowo szczeg\u00f3\u0142owe procedury.<\/p>\n<p>Na publikacj\u0119 sk\u0142adaj\u0105 si\u0119 cztery cz\u0119\u015bci:<br \/>\n<strong>Konsultacje okie\u0142znane<\/strong> \u2013 om\u00f3wienie wybranych przez nas aspekt\u00f3w konsultacji spo\u0142ecznych na podstawie do\u015bwiadcze\u0144 w projekcie \u201eKonsultacje z zasadami\u201d,<br \/>\n<strong>Kanon Lokalnych Konsultacji Spo\u0142ecznych<\/strong> \u2013 podstawowe wytyczne dotycz\u0105ce zasad konsultacji spo\u0142ecznych w prawie lokalnym i praktyce konsultacji,<br \/>\n<strong>Regulaminy i procedury<\/strong> \u2013 wyb\u00f3r przyk\u0142adowych rozwi\u0105za\u0144 z kilku miast, w tym tych opracowanych partycypacyjnie w \u201eKonsultacjach z zasadami\u201d,<br \/>\n<strong>Narz\u0119dziownik<\/strong> \u2013 czyli m.in. listy kontrolne dla uczestnik\u00f3w i organizator\u00f3w konsultacji oraz wykaz narz\u0119dzi, kt\u00f3rymi mo\u017cna pos\u0142u\u017cy\u0107 si\u0119, planuj\u0105c i prowadz\u0105c procesy konsultacyjne.<\/p>\n<p>Publikacj\u0119 mo\u017cna pobra\u0107 klikaj\u0105c na ok\u0142adki poszczeg\u00f3lnych cz\u0119\u015bci:<\/p>\n<p><a href=\"http:\/\/partycypacjaobywatelska.pl\/wp-content\/uploads\/2015\/12\/1_konsultacje_okielznane.pdf\" target=\"_blank\"><img loading=\"lazy\" class=\"alignnone wp-image-5008\" src=\"http:\/\/partycypacjaobywatelska.pl\/wp-content\/uploads\/2015\/12\/okladka_okiezn-251x300.jpg\" alt=\"okladka_okiezn\" width=\"167\" height=\"200\" \/><\/a>     <a href=\"http:\/\/partycypacjaobywatelska.pl\/wp-content\/uploads\/2015\/12\/2_konsultacje_kanon.pdf\" target=\"_blank\"><img loading=\"lazy\" class=\"alignnone wp-image-5009\" src=\"http:\/\/partycypacjaobywatelska.pl\/wp-content\/uploads\/2015\/12\/okladka_kanon-250x300.jpg\" alt=\"okladka_kanon\" width=\"167\" height=\"200\" \/><\/a><\/p>\n<p><a href=\"http:\/\/partycypacjaobywatelska.pl\/wp-content\/uploads\/2015\/12\/3_konsultacje_regulaminy.pdf\" target=\"_blank\"><img loading=\"lazy\" class=\"alignnone wp-image-5010\" src=\"http:\/\/partycypacjaobywatelska.pl\/wp-content\/uploads\/2015\/12\/okladka_regul-250x300.jpg\" alt=\"okladka_regul\" width=\"167\" height=\"200\" \/><\/a>     <a href=\"http:\/\/partycypacjaobywatelska.pl\/wp-content\/uploads\/2015\/12\/4_konsultacje_narzedziownik.pdf\" target=\"_blank\"><img loading=\"lazy\" class=\" wp-image-5011 alignnone\" src=\"http:\/\/partycypacjaobywatelska.pl\/wp-content\/uploads\/2015\/12\/okladka_narzedz-250x300.jpg\" alt=\"okladka_narzedz\" width=\"167\" height=\"200\" \/><\/a><\/p>\n<p>Papierow\u0105 wersj\u0119 mo\u017cna zam\u00f3wi\u0107 pisz\u0105c na adres <a href=\"mailto:partycypacja@fise.org.pl\">partycypacja@fise.org.pl<\/a>.<\/p>\n<p>&nbsp;<\/p>\n<p>&nbsp;<\/p>\n","protected":false},"excerpt":{"rendered":"<p>O konsultacjach pisze si\u0119 coraz wi\u0119cej, a poza literatur\u0105 przedmiotu jest tak\u017ce sporo r\u00f3\u017cnych projekt\u00f3w ukierunkowanych na to zagadnienie. \u201eKonsultacje okie\u0142znane\u201d nie maj\u0105 ambicji z nimi konkurowa\u0107, ale chcemy w tej publikacji spojrze\u0107 na konsultacje przekrojowo, wybieraj\u0105c najbardziej wed\u0142ug nas istotne obecnie zagadnienia. Ten wyb\u00f3r podyktowany jest do\u015bwiadczeniem zdobytym podczas prowadzenia dzia\u0142a\u0144 lokalnych w projekcie [&hellip;]<\/p>\n","protected":false},"author":73,"featured_media":0,"parent":0,"menu_order":0,"comment_status":"open","ping_status":"open","template":"template-konsultacje-kontakt.php","meta":[],"_links":{"self":[{"href":"https:\/\/partycypacjaobywatelska.pl\/konsultacje\/wp-json\/wp\/v2\/pages\/5074"}],"collection":[{"href":"https:\/\/partycypacjaobywatelska.pl\/konsultacje\/wp-json\/wp\/v2\/pages"}],"about":[{"href":"https:\/\/partycypacjaobywatelska.pl\/konsultacje\/wp-json\/wp\/v2\/types\/page"}],"author":[{"embeddable":true,"href":"https:\/\/partycypacjaobywatelska.pl\/konsultacje\/wp-json\/wp\/v2\/users\/73"}],"replies":[{"embeddable":true,"href":"https:\/\/partycypacjaobywatelska.pl\/konsultacje\/wp-json\/wp\/v2\/comments?post=5074"}],"version-history":[{"count":1,"href":"https:\/\/partycypacjaobywatelska.pl\/konsultacje\/wp-json\/wp\/v2\/pages\/5074\/revisions"}],"predecessor-version":[{"id":5075,"href":"https:\/\/partycypacjaobywatelska.pl\/konsultacje\/wp-json\/wp\/v2\/pages\/5074\/revisions\/5075"}],"wp:attachment":[{"href":"https:\/\/partycypacjaobywatelska.pl\/konsultacje\/wp-json\/wp\/v2\/media?parent=5074"}],"curies":[{"name":"wp","href":"https:\/\/api.w.org\/{rel}","templated":true}]}}