{"id":4,"date":"2016-01-08T16:30:25","date_gmt":"2016-01-08T15:30:25","guid":{"rendered":"http:\/\/partycypacjaobywatelska.pl\/konsultacje\/?page_id=4"},"modified":"2018-07-26T23:17:07","modified_gmt":"2018-07-26T21:17:07","slug":"o-projekcie","status":"publish","type":"page","link":"https:\/\/partycypacjaobywatelska.pl\/konsultacje\/","title":{"rendered":"O projekcie"},"content":{"rendered":"<p style=\"text-align: justify;\"><strong>\u201eKonsultacje z zasadami\u201d<\/strong> to projekt systemowy realizowany przez Fundacj\u0119 Inicjatyw Spo\u0142eczno-Ekonomicznych i Fundacj\u0119 Pracownia Bada\u0144 i Innowacji Spo\u0142ecznych \u201eStocznia\u201d w ramach programu <a href=\"http:\/\/www.ngofund.org.pl\/\">Obywatele dla Demokracji<\/a>, finansowanego z funduszy EOG. Jego celem jest wzmocnienie pozycji organizacji pozarz\u0105dowych w procesach konsultacji polityk publicznych na szczeblu lokalnym i centralnym poprzez praktyczne wsparcie administracji publicznej i organizacji pozarz\u0105dowych we wsp\u00f3lnym wypracowywaniu i wdra\u017caniu czytelnych regu\u0142 prowadzenia konsultacji.<\/p>\n<p style=\"text-align: justify;\">Podzielili\u015bmy dzia\u0142ania w ramach \u201eKonsultacji z zasadami\u201d na cztery g\u0142\u00f3wne komponenty zogniskowane wok\u00f3\u0142 zagadnienia \u2018zasad konsultacji\u2019.<\/p>\n<p>&nbsp;<\/p>\n<p><!--more--><\/p>\n<p>&nbsp;<\/p>\n<h1 id=\"zasady_konsultacji\" style=\"text-align: center;\">Zasady konsultacji<\/h1>\n<p style=\"text-align: justify;\">Konsultacje spo\u0142eczne s\u0105 cz\u0119\u015bci\u0105 procesu tworzenia polityk publicznych i budowania wsp\u00f3lnoty lokalnej, kt\u00f3ry polega na poznawaniu perspektyw i potrzeb innych, na wsp\u00f3lnym namy\u015ble nad konkretnymi rozwi\u0105zaniami i dzia\u0142aniami, wreszcie na przekonaniu, \u017ce celem tych dzia\u0142a\u0144 jest wsp\u00f3lne dobro. To du\u017ce wyzwanie stoj\u0105ce zar\u00f3wno przed administracj\u0105 publiczn\u0105, jak i obywatelami. Jednym z krok\u00f3w w kierunku zmierzenia si\u0119 z nim jest ustalenie i korzystanie z dobrych, czytelnych zasad konsultacji obowi\u0105zuj\u0105cych wszystkich ich uczestnik\u00f3w \u2013 ich wypracowywanie i upowszechnianie to centralne zagadnienie projektu \u201eKonsultacje z zasadami\u201d.<\/p>\n<p style=\"text-align: justify;\">Podstaw\u0105 naszych dzia\u0142a\u0144 s\u0105 dwa opracowania dotycz\u0105ce zasad prowadzenia konsultacji: <a href=\"http:\/\/partycypacjaobywatelska.pl\/wp-content\/uploads\/2014\/09\/7-zasad-konsultacji1.pdf\">7 zasad konsultacji<\/a> oraz <a href=\"http:\/\/www.kanonkonsultacji.pl\/\">Kanon Lokalnych Konsultacji Spo\u0142ecznych<\/a>. Obydwa s\u0105 owocami wsp\u00f3lnej pracy i namys\u0142u os\u00f3b z r\u00f3\u017cnych \u015brodowisk: przedstawicieli administracji centralnej, samorz\u0105d\u00f3w lokalnych, zwi\u0105zk\u00f3w samorz\u0105dowych, \u015brodowiska akademickiego oraz organizacji pozarz\u0105dowych, w tym FISE i Stoczni.<\/p>\n<p style=\"text-align: justify;\">O tym jak powstawa\u0142o \u201e7 zasad konsultacji\u201d mo\u017cesz przeczyta\u0107 <a href=\"http:\/\/partycypacjaobywatelska.pl\/wp-content\/uploads\/2014\/09\/kosnulatcje1.pdf\">tutaj&gt;&gt;&gt;<\/a>, a o historii powstania Kanonu dowiesz si\u0119 <a href=\"http:\/\/kanonkonsultacji.pl\/x\/985576\">tutaj&gt;&gt;&gt;<\/a>.<\/p>\n<p>&nbsp;<\/p>\n<hr \/>\n<h1 id=\"wdrazamy_w_ministerstwach\" style=\"text-align: center;\">Wdra\u017camy w ministerstwach<\/h1>\n<p><img class=\"img_o_projekcie aligncenter\" src=\"https:\/\/partycypacjaobywatelska.pl\/wp-content\/themes\/partycypacja-theme\/images\/kzz\/ministerstwo_on.svg\" alt=\"\" \/><\/p>\n<p style=\"text-align: justify;\"><strong>Badamy.<\/strong> Prowadzimy badanie konkretnych przypadk\u00f3w konsultacji spo\u0142ecznych na poziomie centralnym wa\u017cnych dla sektora pozarz\u0105dowego oraz dokonujemy przegl\u0105du konsultacji spo\u0142ecznych prowadzonych w ministerstwach. Chcemy dzi\u0119ki temu usystematyzowa\u0107, uaktualni\u0107 i podsumowa\u0107 wiedz\u0119 na temat efektywno\u015bci konsultacji spo\u0142ecznych z udzia\u0142em organizacji, a tak\u017ce przygotowa\u0107 rekomendacje dotycz\u0105ce tego, jak mo\u017cna usprawni\u0107 praktyk\u0119 prowadzenia i uczestnictwa w konsultacjach.<\/p>\n<p style=\"text-align: justify;\"><strong>Wdra\u017camy zasady.<\/strong> Wsp\u00f3lnie z wybranymi 5 ministerstwami wdra\u017camy regu\u0142y prowadzenia konsultacji spo\u0142ecznych w oparciu o 7 zasad konsultacji, a nast\u0119pnie we wsp\u00f3\u0142pracy z 1-2 resortami zorganizujemy 1 lub 2 flagowe procesy konsultacyjne, kt\u00f3re w przysz\u0142o\u015bci mog\u0105 sta\u0107 si\u0119 punktem odniesienia dla jako\u015bci takich dzia\u0142a\u0144.<\/p>\n<p>&nbsp;<\/p>\n<hr \/>\n<h1 id=\"wdrazamy_lokalnie\" style=\"text-align: center;\">Wdra\u017camy lokalnie<\/h1>\n<p><img class=\"img_o_projekcie aligncenter\" src=\"https:\/\/partycypacjaobywatelska.pl\/wp-content\/themes\/partycypacja-theme\/images\/kzz\/lokalnie_on.svg\" alt=\"\" \/><\/p>\n<p style=\"text-align: justify;\"><strong>Badamy.<\/strong> Zbieramy i podsumowujemy dane o funkcjonuj\u0105cych miejskich regulaminach konsultacji oraz inwentaryzujemy dost\u0119pne wyniki bada\u0144 na temat lokalnych proces\u00f3w konsultacyjnych. Aktualizujemy wiedz\u0119 dotycz\u0105c\u0105 barier determinuj\u0105cych uczestnictwo organizacji pozarz\u0105dowych w konsultacjach na poziomie samorz\u0105du oraz r\u00f3l, jakie mog\u0105 w nich odgrywa\u0107.<\/p>\n<p style=\"text-align: justify;\"><strong>Wdra\u017camy zasady.<\/strong> Wsp\u00f3lnie z wybranymi sze\u015bcioma miastami, w oparciu o wsp\u00f3\u0142prac\u0119 z lokalnymi organizacjami pozarz\u0105dowymi, formu\u0142ujemy regu\u0142y prowadzenia konsultacji spo\u0142ecznych w oparciu o Kanon Lokalnych Konsultacji Spo\u0142ecznych (regulamin i procedury konsultacji). W czterech kolejnych samorz\u0105dach, korzystaj\u0105c ze zgromadzonych do\u015bwiadcze\u0144, wypracowujemy rekomendacje do przygotowania takich regu\u0142 przez same spo\u0142eczno\u015bci lokalne.<\/p>\n<p style=\"text-align: justify;\">Rozbudowujemy r\u00f3wnie\u017c narz\u0119dzie do konsultacji online <a href=\"http:\/\/mamzdanie.org.pl\">mamzdanie.org.pl<\/a> tak, aby jak najlepiej dostosowa\u0107 je do potrzeb prowadzenia konsultacji spo\u0142ecznych na poziomie lokalnym.<\/p>\n<hr \/>\n<h1 id=\"dzielimy_sie_wiedza\" style=\"text-align: center;\">Dzielimy si\u0119 wiedz\u0105<\/h1>\n<p><img class=\"img_o_projekcie aligncenter\" src=\"https:\/\/partycypacjaobywatelska.pl\/wp-content\/themes\/partycypacja-theme\/images\/kzz\/dzielimy_on.svg\" alt=\"\" \/><\/p>\n<p style=\"text-align: justify;\"><strong>Na seminariach.<\/strong> Organizuj\u0105c seminaria regionalne i og\u00f3lnopolskie oraz cykl webinari\u00f3w, promujemy zasady konsultacji spo\u0142ecznych oraz udzia\u0142 organizacji pozarz\u0105dowych w procesach konsultacyjnych w\u015br\u00f3d przedstawicieli administracji centralnej i lokalnej oraz w\u015br\u00f3d samych organizacji z r\u00f3\u017cnych cz\u0119\u015bci Polski.<\/p>\n<p style=\"text-align: justify;\"><strong>W\u015br\u00f3d dziennikarzy.<\/strong> Spotykamy si\u0119 z dziennikarzami i dzielimy si\u0119 wiedz\u0105 na temat tego, co jest istot\u0105 proces\u00f3w konsultacyjnych i jak powinny by\u0107 one prowadzane \u2013 mamy nadziej\u0119, \u017ce zach\u0119ci to ich do \u015bledzenia przebiegu i rezultat\u00f3w konsultacji w kluczowych obszarach polityk publicznych na r\u00f3\u017cnym szczeblu.<\/p>\n<p style=\"text-align: justify;\"><strong>Doradzamy. <\/strong>Prowadzimy zdalne doradztwo dla organizacji pozarz\u0105dowych zainteresowanych wiedz\u0105 i mechanizmami dobrych konsultacji spo\u0142ecznych. Je\u017celi chcesz skorzysta\u0107 z doradztwa po prostu skontaktuj si\u0119 z nami: <a href=\"mailto:partycypacja@fise.org.pl\">partycypacja@fise.org.pl<\/a> \u2013 wsp\u00f3lnie ustalimy, jak mo\u017cemy ci pom\u00f3c.<\/p>\n<p style=\"text-align: justify;\"><strong>Publikujemy.<\/strong> W ramach projektu opublikujemy przewodnik dla organizacji pozarz\u0105dowych i samorz\u0105d\u00f3w lokalnych wspomagaj\u0105cy dzia\u0142ania na rzecz wdra\u017cania standard\u00f3w konsultacji spo\u0142ecznych. Rozwijamy r\u00f3wnie\u017c dzia\u0142 zbieraj\u0105cy publikacje i inne materia\u0142y po\u015bwi\u0119cone problematyce konsultacji na portalu partycypacjaobywatelska.pl.<\/p>\n<hr \/>\n<h1 id=\"sprawdzamy_efekty\" style=\"text-align: center;\">Sprawdzamy efekty<\/h1>\n<p><img class=\"img_o_projekcie aligncenter\" src=\"https:\/\/partycypacjaobywatelska.pl\/wp-content\/themes\/partycypacja-theme\/images\/kzz\/sprawdzamy_on.svg\" alt=\"\" \/><\/p>\n<p style=\"text-align: justify;\"><strong>Ewaluacja wewn\u0119trzna. <\/strong>Korzystamy ze wsparcia ewaluatora\/krytycznego przyjaciela, kt\u00f3ry przez ca\u0142y czas trwania projektu przygl\u0105da si\u0119 efektywno\u015bci naszych dzia\u0142a\u0144.<\/p>\n<p style=\"text-align: justify;\"><strong>Ewaluacja zewn\u0119trzna. <\/strong>Dzi\u0119ki niej sprawdzimy, czy na przestrzeni czasu, w wyniku r\u00f3\u017cnych interwencji (w tym naszego projektu), zasz\u0142a istotna zmiana w obszarze konsultacji spo\u0142ecznych.<\/p>\n","protected":false},"excerpt":{"rendered":"<p>\u201eKonsultacje z zasadami\u201d to projekt systemowy realizowany przez Fundacj\u0119 Inicjatyw Spo\u0142eczno-Ekonomicznych i Fundacj\u0119 Pracownia Bada\u0144 i Innowacji Spo\u0142ecznych \u201eStocznia\u201d w ramach programu Obywatele dla Demokracji, finansowanego z funduszy EOG. Jego celem jest wzmocnienie pozycji organizacji pozarz\u0105dowych w procesach konsultacji polityk publicznych na szczeblu lokalnym i centralnym poprzez praktyczne wsparcie administracji publicznej i organizacji pozarz\u0105dowych we [&hellip;]<\/p>\n","protected":false},"author":1,"featured_media":0,"parent":0,"menu_order":0,"comment_status":"open","ping_status":"open","template":"template-konsultacje-o-projekcie.php","meta":[],"_links":{"self":[{"href":"https:\/\/partycypacjaobywatelska.pl\/konsultacje\/wp-json\/wp\/v2\/pages\/4"}],"collection":[{"href":"https:\/\/partycypacjaobywatelska.pl\/konsultacje\/wp-json\/wp\/v2\/pages"}],"about":[{"href":"https:\/\/partycypacjaobywatelska.pl\/konsultacje\/wp-json\/wp\/v2\/types\/page"}],"author":[{"embeddable":true,"href":"https:\/\/partycypacjaobywatelska.pl\/konsultacje\/wp-json\/wp\/v2\/users\/1"}],"replies":[{"embeddable":true,"href":"https:\/\/partycypacjaobywatelska.pl\/konsultacje\/wp-json\/wp\/v2\/comments?post=4"}],"version-history":[{"count":3,"href":"https:\/\/partycypacjaobywatelska.pl\/konsultacje\/wp-json\/wp\/v2\/pages\/4\/revisions"}],"predecessor-version":[{"id":5174,"href":"https:\/\/partycypacjaobywatelska.pl\/konsultacje\/wp-json\/wp\/v2\/pages\/4\/revisions\/5174"}],"wp:attachment":[{"href":"https:\/\/partycypacjaobywatelska.pl\/konsultacje\/wp-json\/wp\/v2\/media?parent=4"}],"curies":[{"name":"wp","href":"https:\/\/api.w.org\/{rel}","templated":true}]}}