{"id":10,"date":"2016-01-08T16:36:42","date_gmt":"2016-01-08T15:36:42","guid":{"rendered":"http:\/\/partycypacjaobywatelska.pl\/konsultacje\/kontultacje-z-zasadami-o-nas\/"},"modified":"2018-07-26T23:21:06","modified_gmt":"2018-07-26T21:21:06","slug":"o-nas","status":"publish","type":"page","link":"https:\/\/partycypacjaobywatelska.pl\/konsultacje\/o-nas\/","title":{"rendered":"O nas"},"content":{"rendered":"<p style=\"text-align: justify;\"><a href=\"http:\/\/partycypacjaobywatelska.pl\/wp-content\/uploads\/2014\/09\/fise.jpg\"><img loading=\"lazy\" class=\"alignnone size-medium wp-image-3815\" src=\"https:\/\/partycypacjaobywatelska.pl\/wp-content\/uploads\/2014\/09\/fise-300x61.jpg\" alt=\"fise\" width=\"300\" height=\"61\" \/><\/a><\/p>\n<p style=\"text-align: justify;\"><strong>Fundacja Inicjatyw Spo\u0142eczno-Ekonomicznych (FISE)<\/strong> powsta\u0142a w 1990 roku jako odpowied\u017a na szereg wyzwa\u0144, przed kt\u00f3rymi stan\u0119li obywatele i wsp\u00f3lnoty lokalne w zwi\u0105zku z transformacj\u0105 spo\u0142eczno-ekonomiczn\u0105. Dzia\u0142amy na rzecz zr\u00f3wnowa\u017conego rozwoju spo\u0142eczno-gospodarczego w Polsce staraj\u0105c si\u0119 tak wp\u0142ywa\u0107 na zmiany systemu spo\u0142eczno-ekonomicznego, aby by\u0142 on coraz bardziej elastyczny, otwarty na wsp\u00f3\u0142prac\u0119 i efektywny. Uwa\u017camy, \u017ce nie jest to mo\u017cliwe bez w\u0142\u0105czania obywateli w tworzenie i realizacj\u0119 zada\u0144 publicznych. Dlatego te\u017c takie terminy jak \u201epartycypacja publiczna\u201d czy \u201eekonomia spo\u0142eczna\u201d s\u0105 dla nas bardzo wa\u017cne.<\/p>\n<p style=\"text-align: justify;\">Bazuj\u0105c na wcze\u015bniejszych do\u015bwiadczeniach, od 2010 roku zagadnienie partycypacji publicznej\/obywatelskiej uczynili\u015bmy jednym z trzech g\u0142\u00f3wnych obszar\u00f3w dzia\u0142a\u0144 FISE. Za\u0142o\u017cyli\u015bmy w\u00f3wczas w ramach systemowego projektu \u201eDecydujmy razem\u201d Ministerstwa Rozwoju i Infrastruktury internetow\u0105 \u201eBaz\u0119 dobrych praktyk partycypacji\u201d, gdzie zbieramy, opracowujemy i upowszechniamy w r\u00f3\u017cnych formach wiedz\u0119 dotycz\u0105c\u0105 praktyki partycypacji publicznej: opisy dobrych praktyk, publikacje o tym, co w partycypacji najwa\u017cniejsze, filmy dokumentalne i animacje, seminaria nastawione na wymian\u0119 do\u015bwiadcze\u0144, czy gra komputerowa. \u201eKonsultacje z zasadami\u201d to przed\u0142u\u017cenie naszych dzia\u0142a\u0144 zwi\u0105zanych z zainicjowaniem i prowadzeniem prac grupy roboczej ds. Kanonu Lokalnych Konsultacji Spo\u0142ecznych.<\/p>\n<p style=\"text-align: justify;\"><a href=\"http:\/\/partycypacjaobywatelska.pl\/wp-content\/uploads\/2013\/10\/stoczniaetapy.jpg\"><img loading=\"lazy\" class=\"alignnone size-medium wp-image-1189\" src=\"https:\/\/partycypacjaobywatelska.pl\/wp-content\/uploads\/2013\/10\/stoczniaetapy-300x93.jpg\" alt=\"stocznia etapy\" width=\"300\" height=\"93\" \/><\/a><\/p>\n<p style=\"text-align: justify;\"><strong>Pracownia Bada\u0144 i Innowacji Spo\u0142ecznych \u201eStocznia\u201d<\/strong> powsta\u0142a, aby rzetelnie i krytycznie opisywa\u0107 wyzwania dotycz\u0105ce \u017cycia spo\u0142ecznego w Polsce. W \u201eStoczni\u201d chcemy opracowywa\u0107 i upowszechnia\u0107 innowacyjne rozwi\u0105zania, kt\u00f3re mog\u0105 pom\u00f3c sprosta\u0107 tym wyzwaniom. Szukamy ich, \u0142\u0105cz\u0105c perspektyw\u0119 badaczy-akademik\u00f3w i aktywist\u00f3w spo\u0142ecznych, oraz podejmuj\u0105c dzia\u0142ania koncentruj\u0105ce si\u0119 na trzech kluczowych zagadnieniach: rozwoju wsp\u00f3lnot lokalnych, innowacjach spo\u0142ecznych oraz partycypacji obywatelskiej.<\/p>\n<p style=\"text-align: justify;\">Projekt \u201eKonsultacje z zasadami\u201d jest realizowany przez zesp\u00f3\u0142 Laboratorium Partycypacji Obywatelskiej, prowadzonego od 2010 roku w \u201eStoczni\u201d przy wsparciu Fundacji im. Stefana Batorego. Poprzez Laboratorium Partycypacji Obywatelskiej podejmujemy dzia\u0142ania na rzecz gromadzenia oraz wymiany wiedzy i do\u015bwiadcze\u0144 zwi\u0105zanych z dzia\u0142aniami partycypacyjnymi w\u015br\u00f3d przedstawicieli administracji publicznej, organizacji pozarz\u0105dowych i wszystkich os\u00f3b zainteresowanych tematem w\u0142\u0105czania obywateli we wsp\u00f3\u0142decydowanie o sprawach publicznych. W ramach jego dzia\u0142a\u0144 prowadzimy m.in. portal <a href=\"http:\/\/www.partycypacjaobywatelska.pl\/\">www.partycypacjaobywatelska.pl<\/a> i organizujemy otwarte seminaria po\u015bwi\u0119cone r\u00f3\u017cnym aspektom partycypacji.<\/p>\n<p>&nbsp;<\/p>\n<p>ZESP\u00d3\u0141 PROJEKTU<\/p>\n<p><strong>FISE <\/strong>(lider projektu):<\/p>\n<p>Oktawiusz Chrzanowski \/koordynator\/, Ewa Ro\u015bciszewska<\/p>\n<p><strong>Stocznia <\/strong>(partner projektu):<\/p>\n<p>Koordynatorki: Katarzyna Beszczy\u0144ska, Ewa Stok\u0142uska<br \/>\nWsparcie: Zofia Komorowska, Kuba Wygna\u0144ski<\/p>\n","protected":false},"excerpt":{"rendered":"<p>Fundacja Inicjatyw Spo\u0142eczno-Ekonomicznych (FISE) powsta\u0142a w 1990 roku jako odpowied\u017a na szereg wyzwa\u0144, przed kt\u00f3rymi stan\u0119li obywatele i wsp\u00f3lnoty lokalne w zwi\u0105zku z transformacj\u0105 spo\u0142eczno-ekonomiczn\u0105. Dzia\u0142amy na rzecz zr\u00f3wnowa\u017conego rozwoju spo\u0142eczno-gospodarczego w Polsce staraj\u0105c si\u0119 tak wp\u0142ywa\u0107 na zmiany systemu spo\u0142eczno-ekonomicznego, aby by\u0142 on coraz bardziej elastyczny, otwarty na wsp\u00f3\u0142prac\u0119 i efektywny. Uwa\u017camy, \u017ce nie [&hellip;]<\/p>\n","protected":false},"author":1,"featured_media":0,"parent":0,"menu_order":0,"comment_status":"open","ping_status":"open","template":"template-konsultacje-o-nas.php","meta":[],"_links":{"self":[{"href":"https:\/\/partycypacjaobywatelska.pl\/konsultacje\/wp-json\/wp\/v2\/pages\/10"}],"collection":[{"href":"https:\/\/partycypacjaobywatelska.pl\/konsultacje\/wp-json\/wp\/v2\/pages"}],"about":[{"href":"https:\/\/partycypacjaobywatelska.pl\/konsultacje\/wp-json\/wp\/v2\/types\/page"}],"author":[{"embeddable":true,"href":"https:\/\/partycypacjaobywatelska.pl\/konsultacje\/wp-json\/wp\/v2\/users\/1"}],"replies":[{"embeddable":true,"href":"https:\/\/partycypacjaobywatelska.pl\/konsultacje\/wp-json\/wp\/v2\/comments?post=10"}],"version-history":[{"count":4,"href":"https:\/\/partycypacjaobywatelska.pl\/konsultacje\/wp-json\/wp\/v2\/pages\/10\/revisions"}],"predecessor-version":[{"id":5176,"href":"https:\/\/partycypacjaobywatelska.pl\/konsultacje\/wp-json\/wp\/v2\/pages\/10\/revisions\/5176"}],"wp:attachment":[{"href":"https:\/\/partycypacjaobywatelska.pl\/konsultacje\/wp-json\/wp\/v2\/media?parent=10"}],"curies":[{"name":"wp","href":"https:\/\/api.w.org\/{rel}","templated":true}]}}