{"id":909,"date":"2019-03-12T16:39:51","date_gmt":"2019-03-12T15:39:51","guid":{"rendered":"http:\/\/forum-praktykow.flyhigh.pro\/?page_id=17"},"modified":"2019-06-05T14:03:22","modified_gmt":"2019-06-05T12:03:22","slug":"budzet-partycypacyjny-w-szkolach-czy-da-sie-uniknac-problemow-duzego-budzetu","status":"publish","type":"page","link":"https:\/\/partycypacjaobywatelska.pl\/forum\/edycja-6\/budzet-partycypacyjny-w-szkolach-czy-da-sie-uniknac-problemow-duzego-budzetu\/","title":{"rendered":"Bud\u017cet partycypacyjny w szko\u0142ach &#8211; czy da si\u0119 unikn\u0105\u0107 problem\u00f3w &#8222;du\u017cego bud\u017cetu&#8221;?"},"content":{"rendered":"","protected":false},"excerpt":{"rendered":"","protected":false},"author":141,"featured_media":0,"parent":908,"menu_order":0,"comment_status":"closed","ping_status":"closed","template":"template-program.php","meta":[],"_links":{"self":[{"href":"https:\/\/partycypacjaobywatelska.pl\/forum\/wp-json\/wp\/v2\/pages\/909"}],"collection":[{"href":"https:\/\/partycypacjaobywatelska.pl\/forum\/wp-json\/wp\/v2\/pages"}],"about":[{"href":"https:\/\/partycypacjaobywatelska.pl\/forum\/wp-json\/wp\/v2\/types\/page"}],"author":[{"embeddable":true,"href":"https:\/\/partycypacjaobywatelska.pl\/forum\/wp-json\/wp\/v2\/users\/141"}],"replies":[{"embeddable":true,"href":"https:\/\/partycypacjaobywatelska.pl\/forum\/wp-json\/wp\/v2\/comments?post=909"}],"version-history":[{"count":8,"href":"https:\/\/partycypacjaobywatelska.pl\/forum\/wp-json\/wp\/v2\/pages\/909\/revisions"}],"predecessor-version":[{"id":1707,"href":"https:\/\/partycypacjaobywatelska.pl\/forum\/wp-json\/wp\/v2\/pages\/909\/revisions\/1707"}],"up":[{"embeddable":true,"href":"https:\/\/partycypacjaobywatelska.pl\/forum\/wp-json\/wp\/v2\/pages\/908"}],"wp:attachment":[{"href":"https:\/\/partycypacjaobywatelska.pl\/forum\/wp-json\/wp\/v2\/media?parent=909"}],"curies":[{"name":"wp","href":"https:\/\/api.w.org\/{rel}","templated":true}]}}