{"id":6386,"date":"2025-05-08T15:11:55","date_gmt":"2025-05-08T13:11:55","guid":{"rendered":"https:\/\/partycypacjaobywatelska.pl\/forum\/?page_id=6386"},"modified":"2025-05-13T15:50:55","modified_gmt":"2025-05-13T13:50:55","slug":"dezinformacja-w-procesach-partycypacyjnych-czyli-jak-reagowac-gdy-rozmowcy-uzywaja-falszywych-informacji","status":"publish","type":"page","link":"https:\/\/partycypacjaobywatelska.pl\/forum\/dezinformacja-w-procesach-partycypacyjnych-czyli-jak-reagowac-gdy-rozmowcy-uzywaja-falszywych-informacji\/","title":{"rendered":"Dezinformacja w procesach partycypacyjnych, czyli jak reagowa\u0107, gdy rozm\u00f3wcy u\u017cywaj\u0105 fa\u0142szywych informacji"},"content":{"rendered":"","protected":false},"excerpt":{"rendered":"","protected":false},"author":117,"featured_media":0,"parent":0,"menu_order":0,"comment_status":"closed","ping_status":"closed","template":"template-program.php","meta":[],"_links":{"self":[{"href":"https:\/\/partycypacjaobywatelska.pl\/forum\/wp-json\/wp\/v2\/pages\/6386"}],"collection":[{"href":"https:\/\/partycypacjaobywatelska.pl\/forum\/wp-json\/wp\/v2\/pages"}],"about":[{"href":"https:\/\/partycypacjaobywatelska.pl\/forum\/wp-json\/wp\/v2\/types\/page"}],"author":[{"embeddable":true,"href":"https:\/\/partycypacjaobywatelska.pl\/forum\/wp-json\/wp\/v2\/users\/117"}],"replies":[{"embeddable":true,"href":"https:\/\/partycypacjaobywatelska.pl\/forum\/wp-json\/wp\/v2\/comments?post=6386"}],"version-history":[{"count":9,"href":"https:\/\/partycypacjaobywatelska.pl\/forum\/wp-json\/wp\/v2\/pages\/6386\/revisions"}],"predecessor-version":[{"id":6519,"href":"https:\/\/partycypacjaobywatelska.pl\/forum\/wp-json\/wp\/v2\/pages\/6386\/revisions\/6519"}],"wp:attachment":[{"href":"https:\/\/partycypacjaobywatelska.pl\/forum\/wp-json\/wp\/v2\/media?parent=6386"}],"curies":[{"name":"wp","href":"https:\/\/api.w.org\/{rel}","templated":true}]}}