{"id":6361,"date":"2025-05-07T14:02:27","date_gmt":"2025-05-07T12:02:27","guid":{"rendered":"https:\/\/partycypacjaobywatelska.pl\/forum\/?page_id=6361"},"modified":"2025-05-09T21:42:50","modified_gmt":"2025-05-09T19:42:50","slug":"maly-krok-czy-wielki-skok-jak-skutecznie-rozwijac-organizacje-spoleczna-zeby-zblizyc-sie-do-marzen","status":"publish","type":"page","link":"https:\/\/partycypacjaobywatelska.pl\/forum\/maly-krok-czy-wielki-skok-jak-skutecznie-rozwijac-organizacje-spoleczna-zeby-zblizyc-sie-do-marzen\/","title":{"rendered":"Ma\u0142y krok, czy wielki skok? Jak skutecznie rozwija\u0107 organizacj\u0119 spo\u0142eczn\u0105 zajmuj\u0105c\u0105 si\u0119 partycypacj\u0105, \u017ceby zbli\u017cy\u0107 si\u0119 do marze\u0144"},"content":{"rendered":"","protected":false},"excerpt":{"rendered":"","protected":false},"author":117,"featured_media":0,"parent":0,"menu_order":0,"comment_status":"closed","ping_status":"closed","template":"template-program.php","meta":[],"_links":{"self":[{"href":"https:\/\/partycypacjaobywatelska.pl\/forum\/wp-json\/wp\/v2\/pages\/6361"}],"collection":[{"href":"https:\/\/partycypacjaobywatelska.pl\/forum\/wp-json\/wp\/v2\/pages"}],"about":[{"href":"https:\/\/partycypacjaobywatelska.pl\/forum\/wp-json\/wp\/v2\/types\/page"}],"author":[{"embeddable":true,"href":"https:\/\/partycypacjaobywatelska.pl\/forum\/wp-json\/wp\/v2\/users\/117"}],"replies":[{"embeddable":true,"href":"https:\/\/partycypacjaobywatelska.pl\/forum\/wp-json\/wp\/v2\/comments?post=6361"}],"version-history":[{"count":5,"href":"https:\/\/partycypacjaobywatelska.pl\/forum\/wp-json\/wp\/v2\/pages\/6361\/revisions"}],"predecessor-version":[{"id":6438,"href":"https:\/\/partycypacjaobywatelska.pl\/forum\/wp-json\/wp\/v2\/pages\/6361\/revisions\/6438"}],"wp:attachment":[{"href":"https:\/\/partycypacjaobywatelska.pl\/forum\/wp-json\/wp\/v2\/media?parent=6361"}],"curies":[{"name":"wp","href":"https:\/\/api.w.org\/{rel}","templated":true}]}}