{"id":6298,"date":"2025-05-06T16:31:58","date_gmt":"2025-05-06T14:31:58","guid":{"rendered":"https:\/\/partycypacjaobywatelska.pl\/forum\/?page_id=6298"},"modified":"2025-05-09T22:59:58","modified_gmt":"2025-05-09T20:59:58","slug":"wymyslanie-nowych-przyszlosci","status":"publish","type":"page","link":"https:\/\/partycypacjaobywatelska.pl\/forum\/wymyslanie-nowych-przyszlosci\/","title":{"rendered":"Wymy\u015blanie nowych przysz\u0142o\u015bci"},"content":{"rendered":"","protected":false},"excerpt":{"rendered":"","protected":false},"author":117,"featured_media":0,"parent":0,"menu_order":0,"comment_status":"closed","ping_status":"closed","template":"template-program.php","meta":[],"_links":{"self":[{"href":"https:\/\/partycypacjaobywatelska.pl\/forum\/wp-json\/wp\/v2\/pages\/6298"}],"collection":[{"href":"https:\/\/partycypacjaobywatelska.pl\/forum\/wp-json\/wp\/v2\/pages"}],"about":[{"href":"https:\/\/partycypacjaobywatelska.pl\/forum\/wp-json\/wp\/v2\/types\/page"}],"author":[{"embeddable":true,"href":"https:\/\/partycypacjaobywatelska.pl\/forum\/wp-json\/wp\/v2\/users\/117"}],"replies":[{"embeddable":true,"href":"https:\/\/partycypacjaobywatelska.pl\/forum\/wp-json\/wp\/v2\/comments?post=6298"}],"version-history":[{"count":4,"href":"https:\/\/partycypacjaobywatelska.pl\/forum\/wp-json\/wp\/v2\/pages\/6298\/revisions"}],"predecessor-version":[{"id":6488,"href":"https:\/\/partycypacjaobywatelska.pl\/forum\/wp-json\/wp\/v2\/pages\/6298\/revisions\/6488"}],"wp:attachment":[{"href":"https:\/\/partycypacjaobywatelska.pl\/forum\/wp-json\/wp\/v2\/media?parent=6298"}],"curies":[{"name":"wp","href":"https:\/\/api.w.org\/{rel}","templated":true}]}}