{"id":6229,"date":"2025-04-29T22:29:00","date_gmt":"2025-04-29T20:29:00","guid":{"rendered":"https:\/\/partycypacjaobywatelska.pl\/forum\/?page_id=6229"},"modified":"2025-05-06T22:36:39","modified_gmt":"2025-05-06T20:36:39","slug":"lodz-w-detalu-detal-w-lodzi-dla-entuzjastow-i-entuzjastek-architektury","status":"publish","type":"page","link":"https:\/\/partycypacjaobywatelska.pl\/forum\/lodz-w-detalu-detal-w-lodzi-dla-entuzjastow-i-entuzjastek-architektury\/","title":{"rendered":"\u0141\u00f3d\u017a w detalu, detal w \u0141odzi &#8211; dla entuzjast\u00f3w i entuzjastek architektury"},"content":{"rendered":"","protected":false},"excerpt":{"rendered":"","protected":false},"author":117,"featured_media":0,"parent":0,"menu_order":0,"comment_status":"closed","ping_status":"closed","template":"template-program.php","meta":[],"_links":{"self":[{"href":"https:\/\/partycypacjaobywatelska.pl\/forum\/wp-json\/wp\/v2\/pages\/6229"}],"collection":[{"href":"https:\/\/partycypacjaobywatelska.pl\/forum\/wp-json\/wp\/v2\/pages"}],"about":[{"href":"https:\/\/partycypacjaobywatelska.pl\/forum\/wp-json\/wp\/v2\/types\/page"}],"author":[{"embeddable":true,"href":"https:\/\/partycypacjaobywatelska.pl\/forum\/wp-json\/wp\/v2\/users\/117"}],"replies":[{"embeddable":true,"href":"https:\/\/partycypacjaobywatelska.pl\/forum\/wp-json\/wp\/v2\/comments?post=6229"}],"version-history":[{"count":4,"href":"https:\/\/partycypacjaobywatelska.pl\/forum\/wp-json\/wp\/v2\/pages\/6229\/revisions"}],"predecessor-version":[{"id":6338,"href":"https:\/\/partycypacjaobywatelska.pl\/forum\/wp-json\/wp\/v2\/pages\/6229\/revisions\/6338"}],"wp:attachment":[{"href":"https:\/\/partycypacjaobywatelska.pl\/forum\/wp-json\/wp\/v2\/media?parent=6229"}],"curies":[{"name":"wp","href":"https:\/\/api.w.org\/{rel}","templated":true}]}}