{"id":6225,"date":"2025-04-29T22:22:18","date_gmt":"2025-04-29T20:22:18","guid":{"rendered":"https:\/\/partycypacjaobywatelska.pl\/forum\/?page_id=6225"},"modified":"2025-05-06T22:37:43","modified_gmt":"2025-05-06T20:37:43","slug":"metamorfoza-starego-polesia-dla-zainteresowanych-pozytywizmem-i-partycypacja-spoleczna","status":"publish","type":"page","link":"https:\/\/partycypacjaobywatelska.pl\/forum\/metamorfoza-starego-polesia-dla-zainteresowanych-pozytywizmem-i-partycypacja-spoleczna\/","title":{"rendered":"Metamorfoza Starego Polesia &#8211; dla zainteresowanych pozytywizmem i partycypacj\u0105 spo\u0142eczn\u0105"},"content":{"rendered":"","protected":false},"excerpt":{"rendered":"","protected":false},"author":117,"featured_media":0,"parent":0,"menu_order":0,"comment_status":"closed","ping_status":"closed","template":"template-program.php","meta":[],"_links":{"self":[{"href":"https:\/\/partycypacjaobywatelska.pl\/forum\/wp-json\/wp\/v2\/pages\/6225"}],"collection":[{"href":"https:\/\/partycypacjaobywatelska.pl\/forum\/wp-json\/wp\/v2\/pages"}],"about":[{"href":"https:\/\/partycypacjaobywatelska.pl\/forum\/wp-json\/wp\/v2\/types\/page"}],"author":[{"embeddable":true,"href":"https:\/\/partycypacjaobywatelska.pl\/forum\/wp-json\/wp\/v2\/users\/117"}],"replies":[{"embeddable":true,"href":"https:\/\/partycypacjaobywatelska.pl\/forum\/wp-json\/wp\/v2\/comments?post=6225"}],"version-history":[{"count":4,"href":"https:\/\/partycypacjaobywatelska.pl\/forum\/wp-json\/wp\/v2\/pages\/6225\/revisions"}],"predecessor-version":[{"id":6341,"href":"https:\/\/partycypacjaobywatelska.pl\/forum\/wp-json\/wp\/v2\/pages\/6225\/revisions\/6341"}],"wp:attachment":[{"href":"https:\/\/partycypacjaobywatelska.pl\/forum\/wp-json\/wp\/v2\/media?parent=6225"}],"curies":[{"name":"wp","href":"https:\/\/api.w.org\/{rel}","templated":true}]}}