{"id":6209,"date":"2025-04-23T16:41:08","date_gmt":"2025-04-23T14:41:08","guid":{"rendered":"https:\/\/partycypacjaobywatelska.pl\/forum\/?page_id=6209"},"modified":"2025-06-02T15:45:42","modified_gmt":"2025-06-02T13:45:42","slug":"diagnoza-lokalna-w-procesach-partycypacyjnych-czyli-jak-skutecznie-wlaczac-mieszkancow-i-mieszkanki-w-podejmowanie-decyzji","status":"publish","type":"page","link":"https:\/\/partycypacjaobywatelska.pl\/forum\/diagnoza-lokalna-w-procesach-partycypacyjnych-czyli-jak-skutecznie-wlaczac-mieszkancow-i-mieszkanki-w-podejmowanie-decyzji\/","title":{"rendered":"Diagnoza lokalna w procesach partycypacyjnych czyli jak skutecznie w\u0142\u0105cza\u0107 mieszka\u0144c\u00f3w i mieszkanki w podejmowanie decyzji"},"content":{"rendered":"","protected":false},"excerpt":{"rendered":"","protected":false},"author":117,"featured_media":0,"parent":0,"menu_order":0,"comment_status":"closed","ping_status":"closed","template":"template-program.php","meta":[],"_links":{"self":[{"href":"https:\/\/partycypacjaobywatelska.pl\/forum\/wp-json\/wp\/v2\/pages\/6209"}],"collection":[{"href":"https:\/\/partycypacjaobywatelska.pl\/forum\/wp-json\/wp\/v2\/pages"}],"about":[{"href":"https:\/\/partycypacjaobywatelska.pl\/forum\/wp-json\/wp\/v2\/types\/page"}],"author":[{"embeddable":true,"href":"https:\/\/partycypacjaobywatelska.pl\/forum\/wp-json\/wp\/v2\/users\/117"}],"replies":[{"embeddable":true,"href":"https:\/\/partycypacjaobywatelska.pl\/forum\/wp-json\/wp\/v2\/comments?post=6209"}],"version-history":[{"count":7,"href":"https:\/\/partycypacjaobywatelska.pl\/forum\/wp-json\/wp\/v2\/pages\/6209\/revisions"}],"predecessor-version":[{"id":6557,"href":"https:\/\/partycypacjaobywatelska.pl\/forum\/wp-json\/wp\/v2\/pages\/6209\/revisions\/6557"}],"wp:attachment":[{"href":"https:\/\/partycypacjaobywatelska.pl\/forum\/wp-json\/wp\/v2\/media?parent=6209"}],"curies":[{"name":"wp","href":"https:\/\/api.w.org\/{rel}","templated":true}]}}