{"id":6187,"date":"2025-04-17T22:02:16","date_gmt":"2025-04-17T20:02:16","guid":{"rendered":"https:\/\/partycypacjaobywatelska.pl\/forum\/?page_id=6187"},"modified":"2025-05-09T21:55:10","modified_gmt":"2025-05-09T19:55:10","slug":"gdanski-dialog-spoleczny-gdanski-sposob-na-lex-deweloper","status":"publish","type":"page","link":"https:\/\/partycypacjaobywatelska.pl\/forum\/gdanski-dialog-spoleczny-gdanski-sposob-na-lex-deweloper\/","title":{"rendered":"Gda\u0144ski Dialog Spo\u0142eczny &#8211; gda\u0144ski spos\u00f3b na Lex Deweloper"},"content":{"rendered":"","protected":false},"excerpt":{"rendered":"","protected":false},"author":117,"featured_media":0,"parent":0,"menu_order":0,"comment_status":"closed","ping_status":"closed","template":"template-program.php","meta":[],"_links":{"self":[{"href":"https:\/\/partycypacjaobywatelska.pl\/forum\/wp-json\/wp\/v2\/pages\/6187"}],"collection":[{"href":"https:\/\/partycypacjaobywatelska.pl\/forum\/wp-json\/wp\/v2\/pages"}],"about":[{"href":"https:\/\/partycypacjaobywatelska.pl\/forum\/wp-json\/wp\/v2\/types\/page"}],"author":[{"embeddable":true,"href":"https:\/\/partycypacjaobywatelska.pl\/forum\/wp-json\/wp\/v2\/users\/117"}],"replies":[{"embeddable":true,"href":"https:\/\/partycypacjaobywatelska.pl\/forum\/wp-json\/wp\/v2\/comments?post=6187"}],"version-history":[{"count":3,"href":"https:\/\/partycypacjaobywatelska.pl\/forum\/wp-json\/wp\/v2\/pages\/6187\/revisions"}],"predecessor-version":[{"id":6469,"href":"https:\/\/partycypacjaobywatelska.pl\/forum\/wp-json\/wp\/v2\/pages\/6187\/revisions\/6469"}],"wp:attachment":[{"href":"https:\/\/partycypacjaobywatelska.pl\/forum\/wp-json\/wp\/v2\/media?parent=6187"}],"curies":[{"name":"wp","href":"https:\/\/api.w.org\/{rel}","templated":true}]}}