{"id":6148,"date":"2025-04-13T21:42:12","date_gmt":"2025-04-13T19:42:12","guid":{"rendered":"https:\/\/partycypacjaobywatelska.pl\/forum\/?page_id=6148"},"modified":"2025-05-09T21:49:13","modified_gmt":"2025-05-09T19:49:13","slug":"youthwashing-jak-przeciwdzialac-fasadowemu-angazowaniu-mlodziezy","status":"publish","type":"page","link":"https:\/\/partycypacjaobywatelska.pl\/forum\/youthwashing-jak-przeciwdzialac-fasadowemu-angazowaniu-mlodziezy\/","title":{"rendered":"Youthwashing \u2013 jak przeciwdzia\u0142a\u0107 fasadowemu anga\u017cowaniu m\u0142odzie\u017cy?"},"content":{"rendered":"","protected":false},"excerpt":{"rendered":"","protected":false},"author":117,"featured_media":0,"parent":0,"menu_order":0,"comment_status":"closed","ping_status":"closed","template":"template-program.php","meta":[],"_links":{"self":[{"href":"https:\/\/partycypacjaobywatelska.pl\/forum\/wp-json\/wp\/v2\/pages\/6148"}],"collection":[{"href":"https:\/\/partycypacjaobywatelska.pl\/forum\/wp-json\/wp\/v2\/pages"}],"about":[{"href":"https:\/\/partycypacjaobywatelska.pl\/forum\/wp-json\/wp\/v2\/types\/page"}],"author":[{"embeddable":true,"href":"https:\/\/partycypacjaobywatelska.pl\/forum\/wp-json\/wp\/v2\/users\/117"}],"replies":[{"embeddable":true,"href":"https:\/\/partycypacjaobywatelska.pl\/forum\/wp-json\/wp\/v2\/comments?post=6148"}],"version-history":[{"count":5,"href":"https:\/\/partycypacjaobywatelska.pl\/forum\/wp-json\/wp\/v2\/pages\/6148\/revisions"}],"predecessor-version":[{"id":6455,"href":"https:\/\/partycypacjaobywatelska.pl\/forum\/wp-json\/wp\/v2\/pages\/6148\/revisions\/6455"}],"wp:attachment":[{"href":"https:\/\/partycypacjaobywatelska.pl\/forum\/wp-json\/wp\/v2\/media?parent=6148"}],"curies":[{"name":"wp","href":"https:\/\/api.w.org\/{rel}","templated":true}]}}