{"id":6139,"date":"2025-04-13T20:52:06","date_gmt":"2025-04-13T18:52:06","guid":{"rendered":"https:\/\/partycypacjaobywatelska.pl\/forum\/?page_id=6139"},"modified":"2025-05-09T21:53:53","modified_gmt":"2025-05-09T19:53:53","slug":"kreci-nas-deliberacja-powstala-z-tego-rowerowa-federacja-jak-w-4-weekendy-zrobilismy-to-czego-nie-udalo-sie-w-10-lat-case-study-i-narzedzia","status":"publish","type":"page","link":"https:\/\/partycypacjaobywatelska.pl\/forum\/kreci-nas-deliberacja-powstala-z-tego-rowerowa-federacja-jak-w-4-weekendy-zrobilismy-to-czego-nie-udalo-sie-w-10-lat-case-study-i-narzedzia\/","title":{"rendered":"Kr\u0119ci nas deliberacja, powsta\u0142a z tego Rowerowa Federacja. Jak w 4 weekendy zrobili\u015bmy to, czego nie uda\u0142o si\u0119 w 10 lat? Case study i narz\u0119dzia."},"content":{"rendered":"","protected":false},"excerpt":{"rendered":"","protected":false},"author":117,"featured_media":0,"parent":0,"menu_order":0,"comment_status":"closed","ping_status":"closed","template":"template-program.php","meta":[],"_links":{"self":[{"href":"https:\/\/partycypacjaobywatelska.pl\/forum\/wp-json\/wp\/v2\/pages\/6139"}],"collection":[{"href":"https:\/\/partycypacjaobywatelska.pl\/forum\/wp-json\/wp\/v2\/pages"}],"about":[{"href":"https:\/\/partycypacjaobywatelska.pl\/forum\/wp-json\/wp\/v2\/types\/page"}],"author":[{"embeddable":true,"href":"https:\/\/partycypacjaobywatelska.pl\/forum\/wp-json\/wp\/v2\/users\/117"}],"replies":[{"embeddable":true,"href":"https:\/\/partycypacjaobywatelska.pl\/forum\/wp-json\/wp\/v2\/comments?post=6139"}],"version-history":[{"count":3,"href":"https:\/\/partycypacjaobywatelska.pl\/forum\/wp-json\/wp\/v2\/pages\/6139\/revisions"}],"predecessor-version":[{"id":6466,"href":"https:\/\/partycypacjaobywatelska.pl\/forum\/wp-json\/wp\/v2\/pages\/6139\/revisions\/6466"}],"wp:attachment":[{"href":"https:\/\/partycypacjaobywatelska.pl\/forum\/wp-json\/wp\/v2\/media?parent=6139"}],"curies":[{"name":"wp","href":"https:\/\/api.w.org\/{rel}","templated":true}]}}