{"id":6116,"date":"2025-04-11T17:05:49","date_gmt":"2025-04-11T15:05:49","guid":{"rendered":"https:\/\/partycypacjaobywatelska.pl\/forum\/?page_id=6116"},"modified":"2025-05-12T19:22:53","modified_gmt":"2025-05-12T17:22:53","slug":"miedzy-symbioza-kooperacja-a-pasozytnictwem-czego-oczekujemy-od-siebie-my-partycypatorzy-i-my-instytucje-publiczne","status":"publish","type":"page","link":"https:\/\/partycypacjaobywatelska.pl\/forum\/miedzy-symbioza-kooperacja-a-pasozytnictwem-czego-oczekujemy-od-siebie-my-partycypatorzy-i-my-instytucje-publiczne\/","title":{"rendered":"Mi\u0119dzy symbioz\u0105, kooperacj\u0105 a paso\u017cytnictwem. Czego oczekujemy od siebie \u2013 my, partycypatorzy\/partycypatorki, i my, instytucje publiczne?"},"content":{"rendered":"","protected":false},"excerpt":{"rendered":"","protected":false},"author":117,"featured_media":0,"parent":0,"menu_order":0,"comment_status":"closed","ping_status":"closed","template":"template-program.php","meta":[],"_links":{"self":[{"href":"https:\/\/partycypacjaobywatelska.pl\/forum\/wp-json\/wp\/v2\/pages\/6116"}],"collection":[{"href":"https:\/\/partycypacjaobywatelska.pl\/forum\/wp-json\/wp\/v2\/pages"}],"about":[{"href":"https:\/\/partycypacjaobywatelska.pl\/forum\/wp-json\/wp\/v2\/types\/page"}],"author":[{"embeddable":true,"href":"https:\/\/partycypacjaobywatelska.pl\/forum\/wp-json\/wp\/v2\/users\/117"}],"replies":[{"embeddable":true,"href":"https:\/\/partycypacjaobywatelska.pl\/forum\/wp-json\/wp\/v2\/comments?post=6116"}],"version-history":[{"count":12,"href":"https:\/\/partycypacjaobywatelska.pl\/forum\/wp-json\/wp\/v2\/pages\/6116\/revisions"}],"predecessor-version":[{"id":6504,"href":"https:\/\/partycypacjaobywatelska.pl\/forum\/wp-json\/wp\/v2\/pages\/6116\/revisions\/6504"}],"wp:attachment":[{"href":"https:\/\/partycypacjaobywatelska.pl\/forum\/wp-json\/wp\/v2\/media?parent=6116"}],"curies":[{"name":"wp","href":"https:\/\/api.w.org\/{rel}","templated":true}]}}