{"id":6106,"date":"2025-04-11T16:00:47","date_gmt":"2025-04-11T14:00:47","guid":{"rendered":"https:\/\/partycypacjaobywatelska.pl\/forum\/?page_id=6106"},"modified":"2025-05-14T11:08:28","modified_gmt":"2025-05-14T09:08:28","slug":"czy-nowy-przedmiot-edukacja-obywatelska-zadziala-i-przyczyni-sie-do-wzrostu-partycypacji-mlodziezy","status":"publish","type":"page","link":"https:\/\/partycypacjaobywatelska.pl\/forum\/czy-nowy-przedmiot-edukacja-obywatelska-zadziala-i-przyczyni-sie-do-wzrostu-partycypacji-mlodziezy\/","title":{"rendered":"Czy nowy przedmiot edukacja obywatelska zadzia\u0142a i przyczyni si\u0119 do wzrostu partycypacji m\u0142odzie\u017cy?"},"content":{"rendered":"","protected":false},"excerpt":{"rendered":"","protected":false},"author":117,"featured_media":0,"parent":0,"menu_order":0,"comment_status":"closed","ping_status":"closed","template":"template-program.php","meta":[],"_links":{"self":[{"href":"https:\/\/partycypacjaobywatelska.pl\/forum\/wp-json\/wp\/v2\/pages\/6106"}],"collection":[{"href":"https:\/\/partycypacjaobywatelska.pl\/forum\/wp-json\/wp\/v2\/pages"}],"about":[{"href":"https:\/\/partycypacjaobywatelska.pl\/forum\/wp-json\/wp\/v2\/types\/page"}],"author":[{"embeddable":true,"href":"https:\/\/partycypacjaobywatelska.pl\/forum\/wp-json\/wp\/v2\/users\/117"}],"replies":[{"embeddable":true,"href":"https:\/\/partycypacjaobywatelska.pl\/forum\/wp-json\/wp\/v2\/comments?post=6106"}],"version-history":[{"count":14,"href":"https:\/\/partycypacjaobywatelska.pl\/forum\/wp-json\/wp\/v2\/pages\/6106\/revisions"}],"predecessor-version":[{"id":6523,"href":"https:\/\/partycypacjaobywatelska.pl\/forum\/wp-json\/wp\/v2\/pages\/6106\/revisions\/6523"}],"wp:attachment":[{"href":"https:\/\/partycypacjaobywatelska.pl\/forum\/wp-json\/wp\/v2\/media?parent=6106"}],"curies":[{"name":"wp","href":"https:\/\/api.w.org\/{rel}","templated":true}]}}