{"id":6096,"date":"2025-04-10T10:51:53","date_gmt":"2025-04-10T08:51:53","guid":{"rendered":"https:\/\/partycypacjaobywatelska.pl\/forum\/?page_id=6096"},"modified":"2025-05-09T21:53:15","modified_gmt":"2025-05-09T19:53:15","slug":"miedzy-intencja-a-realnym-wplywem-krytyczne-spojrzenie-na-konsultacje-spoleczne-z-dziecmi-i-mlodzieza","status":"publish","type":"page","link":"https:\/\/partycypacjaobywatelska.pl\/forum\/miedzy-intencja-a-realnym-wplywem-krytyczne-spojrzenie-na-konsultacje-spoleczne-z-dziecmi-i-mlodzieza\/","title":{"rendered":"Mi\u0119dzy intencj\u0105 a realnym wp\u0142ywem \u2013 krytyczne spojrzenie na konsultacje spo\u0142eczne z dzie\u0107mi i m\u0142odzie\u017c\u0105"},"content":{"rendered":"","protected":false},"excerpt":{"rendered":"","protected":false},"author":117,"featured_media":0,"parent":0,"menu_order":0,"comment_status":"closed","ping_status":"closed","template":"template-program.php","meta":[],"_links":{"self":[{"href":"https:\/\/partycypacjaobywatelska.pl\/forum\/wp-json\/wp\/v2\/pages\/6096"}],"collection":[{"href":"https:\/\/partycypacjaobywatelska.pl\/forum\/wp-json\/wp\/v2\/pages"}],"about":[{"href":"https:\/\/partycypacjaobywatelska.pl\/forum\/wp-json\/wp\/v2\/types\/page"}],"author":[{"embeddable":true,"href":"https:\/\/partycypacjaobywatelska.pl\/forum\/wp-json\/wp\/v2\/users\/117"}],"replies":[{"embeddable":true,"href":"https:\/\/partycypacjaobywatelska.pl\/forum\/wp-json\/wp\/v2\/comments?post=6096"}],"version-history":[{"count":4,"href":"https:\/\/partycypacjaobywatelska.pl\/forum\/wp-json\/wp\/v2\/pages\/6096\/revisions"}],"predecessor-version":[{"id":6463,"href":"https:\/\/partycypacjaobywatelska.pl\/forum\/wp-json\/wp\/v2\/pages\/6096\/revisions\/6463"}],"wp:attachment":[{"href":"https:\/\/partycypacjaobywatelska.pl\/forum\/wp-json\/wp\/v2\/media?parent=6096"}],"curies":[{"name":"wp","href":"https:\/\/api.w.org\/{rel}","templated":true}]}}