{"id":6086,"date":"2025-04-08T10:22:10","date_gmt":"2025-04-08T08:22:10","guid":{"rendered":"https:\/\/partycypacjaobywatelska.pl\/forum\/?page_id=6086"},"modified":"2025-05-09T21:54:12","modified_gmt":"2025-05-09T19:54:12","slug":"ekobudzet-dla-lodzi-jak-dojsc-do-nowego-formatu-partycypacji","status":"publish","type":"page","link":"https:\/\/partycypacjaobywatelska.pl\/forum\/ekobudzet-dla-lodzi-jak-dojsc-do-nowego-formatu-partycypacji\/","title":{"rendered":"Ekobud\u017cet dla \u0141odzi &#8211; jak doj\u015b\u0107 do nowego formatu partycypacji"},"content":{"rendered":"","protected":false},"excerpt":{"rendered":"","protected":false},"author":117,"featured_media":0,"parent":0,"menu_order":0,"comment_status":"closed","ping_status":"closed","template":"template-program.php","meta":[],"_links":{"self":[{"href":"https:\/\/partycypacjaobywatelska.pl\/forum\/wp-json\/wp\/v2\/pages\/6086"}],"collection":[{"href":"https:\/\/partycypacjaobywatelska.pl\/forum\/wp-json\/wp\/v2\/pages"}],"about":[{"href":"https:\/\/partycypacjaobywatelska.pl\/forum\/wp-json\/wp\/v2\/types\/page"}],"author":[{"embeddable":true,"href":"https:\/\/partycypacjaobywatelska.pl\/forum\/wp-json\/wp\/v2\/users\/117"}],"replies":[{"embeddable":true,"href":"https:\/\/partycypacjaobywatelska.pl\/forum\/wp-json\/wp\/v2\/comments?post=6086"}],"version-history":[{"count":5,"href":"https:\/\/partycypacjaobywatelska.pl\/forum\/wp-json\/wp\/v2\/pages\/6086\/revisions"}],"predecessor-version":[{"id":6467,"href":"https:\/\/partycypacjaobywatelska.pl\/forum\/wp-json\/wp\/v2\/pages\/6086\/revisions\/6467"}],"wp:attachment":[{"href":"https:\/\/partycypacjaobywatelska.pl\/forum\/wp-json\/wp\/v2\/media?parent=6086"}],"curies":[{"name":"wp","href":"https:\/\/api.w.org\/{rel}","templated":true}]}}