{"id":6043,"date":"2025-04-06T18:28:50","date_gmt":"2025-04-06T16:28:50","guid":{"rendered":"https:\/\/partycypacjaobywatelska.pl\/forum\/?page_id=6043"},"modified":"2025-05-09T21:40:45","modified_gmt":"2025-05-09T19:40:45","slug":"studium-antyprzykladow-jak-nie-rozmawiac-z-zaangazowanymi-stronami","status":"publish","type":"page","link":"https:\/\/partycypacjaobywatelska.pl\/forum\/studium-antyprzykladow-jak-nie-rozmawiac-z-zaangazowanymi-stronami\/","title":{"rendered":"Studium ANTYprzyk\u0142ad\u00f3w: jak NIE rozmawia\u0107 z zaanga\u017cowanymi stronami?"},"content":{"rendered":"","protected":false},"excerpt":{"rendered":"","protected":false},"author":117,"featured_media":0,"parent":0,"menu_order":0,"comment_status":"closed","ping_status":"closed","template":"template-program.php","meta":[],"_links":{"self":[{"href":"https:\/\/partycypacjaobywatelska.pl\/forum\/wp-json\/wp\/v2\/pages\/6043"}],"collection":[{"href":"https:\/\/partycypacjaobywatelska.pl\/forum\/wp-json\/wp\/v2\/pages"}],"about":[{"href":"https:\/\/partycypacjaobywatelska.pl\/forum\/wp-json\/wp\/v2\/types\/page"}],"author":[{"embeddable":true,"href":"https:\/\/partycypacjaobywatelska.pl\/forum\/wp-json\/wp\/v2\/users\/117"}],"replies":[{"embeddable":true,"href":"https:\/\/partycypacjaobywatelska.pl\/forum\/wp-json\/wp\/v2\/comments?post=6043"}],"version-history":[{"count":8,"href":"https:\/\/partycypacjaobywatelska.pl\/forum\/wp-json\/wp\/v2\/pages\/6043\/revisions"}],"predecessor-version":[{"id":6434,"href":"https:\/\/partycypacjaobywatelska.pl\/forum\/wp-json\/wp\/v2\/pages\/6043\/revisions\/6434"}],"wp:attachment":[{"href":"https:\/\/partycypacjaobywatelska.pl\/forum\/wp-json\/wp\/v2\/media?parent=6043"}],"curies":[{"name":"wp","href":"https:\/\/api.w.org\/{rel}","templated":true}]}}