{"id":6036,"date":"2025-04-06T18:21:30","date_gmt":"2025-04-06T16:21:30","guid":{"rendered":"https:\/\/partycypacjaobywatelska.pl\/forum\/?page_id=6036"},"modified":"2025-05-09T22:00:14","modified_gmt":"2025-05-09T20:00:14","slug":"jak-sprawic-by-los-byl-slepy-o-losowaniu-w-procesch-deliberacyjnych","status":"publish","type":"page","link":"https:\/\/partycypacjaobywatelska.pl\/forum\/jak-sprawic-by-los-byl-slepy-o-losowaniu-w-procesch-deliberacyjnych\/","title":{"rendered":"Jak sprawi\u0107, by los by\u0142 \u015blepy? O losowaniu w procesch deliberacyjnych"},"content":{"rendered":"","protected":false},"excerpt":{"rendered":"","protected":false},"author":117,"featured_media":0,"parent":0,"menu_order":0,"comment_status":"closed","ping_status":"closed","template":"template-program.php","meta":[],"_links":{"self":[{"href":"https:\/\/partycypacjaobywatelska.pl\/forum\/wp-json\/wp\/v2\/pages\/6036"}],"collection":[{"href":"https:\/\/partycypacjaobywatelska.pl\/forum\/wp-json\/wp\/v2\/pages"}],"about":[{"href":"https:\/\/partycypacjaobywatelska.pl\/forum\/wp-json\/wp\/v2\/types\/page"}],"author":[{"embeddable":true,"href":"https:\/\/partycypacjaobywatelska.pl\/forum\/wp-json\/wp\/v2\/users\/117"}],"replies":[{"embeddable":true,"href":"https:\/\/partycypacjaobywatelska.pl\/forum\/wp-json\/wp\/v2\/comments?post=6036"}],"version-history":[{"count":4,"href":"https:\/\/partycypacjaobywatelska.pl\/forum\/wp-json\/wp\/v2\/pages\/6036\/revisions"}],"predecessor-version":[{"id":6482,"href":"https:\/\/partycypacjaobywatelska.pl\/forum\/wp-json\/wp\/v2\/pages\/6036\/revisions\/6482"}],"wp:attachment":[{"href":"https:\/\/partycypacjaobywatelska.pl\/forum\/wp-json\/wp\/v2\/media?parent=6036"}],"curies":[{"name":"wp","href":"https:\/\/api.w.org\/{rel}","templated":true}]}}