{"id":6031,"date":"2025-04-06T18:15:22","date_gmt":"2025-04-06T16:15:22","guid":{"rendered":"https:\/\/partycypacjaobywatelska.pl\/forum\/?page_id=6031"},"modified":"2025-05-09T21:43:34","modified_gmt":"2025-05-09T19:43:34","slug":"jak-zbudowac-przestrzen-do-dialogu-o-lasach-spolecznych-wnioski-i-lekcje-z-doswiadczen-2024-roku","status":"publish","type":"page","link":"https:\/\/partycypacjaobywatelska.pl\/forum\/jak-zbudowac-przestrzen-do-dialogu-o-lasach-spolecznych-wnioski-i-lekcje-z-doswiadczen-2024-roku\/","title":{"rendered":"Jak zbudowa\u0107 przestrze\u0144 do dialogu o lasach spo\u0142ecznych? Wnioski i lekcje z do\u015bwiadcze\u0144 2024 roku"},"content":{"rendered":"","protected":false},"excerpt":{"rendered":"","protected":false},"author":117,"featured_media":0,"parent":0,"menu_order":0,"comment_status":"closed","ping_status":"closed","template":"template-program.php","meta":[],"_links":{"self":[{"href":"https:\/\/partycypacjaobywatelska.pl\/forum\/wp-json\/wp\/v2\/pages\/6031"}],"collection":[{"href":"https:\/\/partycypacjaobywatelska.pl\/forum\/wp-json\/wp\/v2\/pages"}],"about":[{"href":"https:\/\/partycypacjaobywatelska.pl\/forum\/wp-json\/wp\/v2\/types\/page"}],"author":[{"embeddable":true,"href":"https:\/\/partycypacjaobywatelska.pl\/forum\/wp-json\/wp\/v2\/users\/117"}],"replies":[{"embeddable":true,"href":"https:\/\/partycypacjaobywatelska.pl\/forum\/wp-json\/wp\/v2\/comments?post=6031"}],"version-history":[{"count":11,"href":"https:\/\/partycypacjaobywatelska.pl\/forum\/wp-json\/wp\/v2\/pages\/6031\/revisions"}],"predecessor-version":[{"id":6441,"href":"https:\/\/partycypacjaobywatelska.pl\/forum\/wp-json\/wp\/v2\/pages\/6031\/revisions\/6441"}],"wp:attachment":[{"href":"https:\/\/partycypacjaobywatelska.pl\/forum\/wp-json\/wp\/v2\/media?parent=6031"}],"curies":[{"name":"wp","href":"https:\/\/api.w.org\/{rel}","templated":true}]}}