{"id":6021,"date":"2025-04-04T17:12:24","date_gmt":"2025-04-04T15:12:24","guid":{"rendered":"https:\/\/partycypacjaobywatelska.pl\/forum\/?page_id=6021"},"modified":"2025-05-09T21:42:56","modified_gmt":"2025-05-09T19:42:56","slug":"praktycy-dla-praktykow-gdzie-szukac-wiedzy-o-konsultacjach-i-jak-sie-nia-dzielic","status":"publish","type":"page","link":"https:\/\/partycypacjaobywatelska.pl\/forum\/praktycy-dla-praktykow-gdzie-szukac-wiedzy-o-konsultacjach-i-jak-sie-nia-dzielic\/","title":{"rendered":"Praktycy dla Praktyk\u00f3w: Gdzie szuka\u0107 wiedzy o konsultacjach i jak si\u0119 ni\u0105 dzieli\u0107?"},"content":{"rendered":"","protected":false},"excerpt":{"rendered":"","protected":false},"author":117,"featured_media":0,"parent":0,"menu_order":0,"comment_status":"closed","ping_status":"closed","template":"template-program.php","meta":[],"_links":{"self":[{"href":"https:\/\/partycypacjaobywatelska.pl\/forum\/wp-json\/wp\/v2\/pages\/6021"}],"collection":[{"href":"https:\/\/partycypacjaobywatelska.pl\/forum\/wp-json\/wp\/v2\/pages"}],"about":[{"href":"https:\/\/partycypacjaobywatelska.pl\/forum\/wp-json\/wp\/v2\/types\/page"}],"author":[{"embeddable":true,"href":"https:\/\/partycypacjaobywatelska.pl\/forum\/wp-json\/wp\/v2\/users\/117"}],"replies":[{"embeddable":true,"href":"https:\/\/partycypacjaobywatelska.pl\/forum\/wp-json\/wp\/v2\/comments?post=6021"}],"version-history":[{"count":5,"href":"https:\/\/partycypacjaobywatelska.pl\/forum\/wp-json\/wp\/v2\/pages\/6021\/revisions"}],"predecessor-version":[{"id":6439,"href":"https:\/\/partycypacjaobywatelska.pl\/forum\/wp-json\/wp\/v2\/pages\/6021\/revisions\/6439"}],"wp:attachment":[{"href":"https:\/\/partycypacjaobywatelska.pl\/forum\/wp-json\/wp\/v2\/media?parent=6021"}],"curies":[{"name":"wp","href":"https:\/\/api.w.org\/{rel}","templated":true}]}}