{"id":6003,"date":"2025-04-04T16:57:52","date_gmt":"2025-04-04T14:57:52","guid":{"rendered":"https:\/\/partycypacjaobywatelska.pl\/forum\/?page_id=6003"},"modified":"2025-05-09T21:52:48","modified_gmt":"2025-05-09T19:52:48","slug":"pierwszy-ogolnopolski-panel-obywatelski-dzieci-i-mlodziezy-case-study-i-lekcje-na-przyszlosc","status":"publish","type":"page","link":"https:\/\/partycypacjaobywatelska.pl\/forum\/pierwszy-ogolnopolski-panel-obywatelski-dzieci-i-mlodziezy-case-study-i-lekcje-na-przyszlosc\/","title":{"rendered":"Pierwszy og\u00f3lnopolski panel obywatelski dzieci i m\u0142odzie\u017cy &#8211; case study i lekcje na przysz\u0142o\u015b\u0107"},"content":{"rendered":"","protected":false},"excerpt":{"rendered":"","protected":false},"author":117,"featured_media":0,"parent":0,"menu_order":0,"comment_status":"closed","ping_status":"closed","template":"template-program.php","meta":[],"_links":{"self":[{"href":"https:\/\/partycypacjaobywatelska.pl\/forum\/wp-json\/wp\/v2\/pages\/6003"}],"collection":[{"href":"https:\/\/partycypacjaobywatelska.pl\/forum\/wp-json\/wp\/v2\/pages"}],"about":[{"href":"https:\/\/partycypacjaobywatelska.pl\/forum\/wp-json\/wp\/v2\/types\/page"}],"author":[{"embeddable":true,"href":"https:\/\/partycypacjaobywatelska.pl\/forum\/wp-json\/wp\/v2\/users\/117"}],"replies":[{"embeddable":true,"href":"https:\/\/partycypacjaobywatelska.pl\/forum\/wp-json\/wp\/v2\/comments?post=6003"}],"version-history":[{"count":4,"href":"https:\/\/partycypacjaobywatelska.pl\/forum\/wp-json\/wp\/v2\/pages\/6003\/revisions"}],"predecessor-version":[{"id":6461,"href":"https:\/\/partycypacjaobywatelska.pl\/forum\/wp-json\/wp\/v2\/pages\/6003\/revisions\/6461"}],"wp:attachment":[{"href":"https:\/\/partycypacjaobywatelska.pl\/forum\/wp-json\/wp\/v2\/media?parent=6003"}],"curies":[{"name":"wp","href":"https:\/\/api.w.org\/{rel}","templated":true}]}}