{"id":5973,"date":"2025-04-04T14:41:33","date_gmt":"2025-04-04T12:41:33","guid":{"rendered":"https:\/\/partycypacjaobywatelska.pl\/forum\/?page_id=5973"},"modified":"2025-05-09T21:48:14","modified_gmt":"2025-05-09T19:48:14","slug":"piec-powodow-dla-ktorych-spotkanie-moze-eksplodowac-i-jak-ich-nie-ignorowac","status":"publish","type":"page","link":"https:\/\/partycypacjaobywatelska.pl\/forum\/piec-powodow-dla-ktorych-spotkanie-moze-eksplodowac-i-jak-ich-nie-ignorowac\/","title":{"rendered":"Pi\u0119\u0107 powod\u00f3w, dla kt\u00f3rych spotkanie mo\u017ce eksplodowa\u0107 \u2013 i jak ich nie ignorowa\u0107"},"content":{"rendered":"","protected":false},"excerpt":{"rendered":"","protected":false},"author":117,"featured_media":0,"parent":0,"menu_order":0,"comment_status":"closed","ping_status":"closed","template":"template-program.php","meta":[],"_links":{"self":[{"href":"https:\/\/partycypacjaobywatelska.pl\/forum\/wp-json\/wp\/v2\/pages\/5973"}],"collection":[{"href":"https:\/\/partycypacjaobywatelska.pl\/forum\/wp-json\/wp\/v2\/pages"}],"about":[{"href":"https:\/\/partycypacjaobywatelska.pl\/forum\/wp-json\/wp\/v2\/types\/page"}],"author":[{"embeddable":true,"href":"https:\/\/partycypacjaobywatelska.pl\/forum\/wp-json\/wp\/v2\/users\/117"}],"replies":[{"embeddable":true,"href":"https:\/\/partycypacjaobywatelska.pl\/forum\/wp-json\/wp\/v2\/comments?post=5973"}],"version-history":[{"count":10,"href":"https:\/\/partycypacjaobywatelska.pl\/forum\/wp-json\/wp\/v2\/pages\/5973\/revisions"}],"predecessor-version":[{"id":6454,"href":"https:\/\/partycypacjaobywatelska.pl\/forum\/wp-json\/wp\/v2\/pages\/5973\/revisions\/6454"}],"wp:attachment":[{"href":"https:\/\/partycypacjaobywatelska.pl\/forum\/wp-json\/wp\/v2\/media?parent=5973"}],"curies":[{"name":"wp","href":"https:\/\/api.w.org\/{rel}","templated":true}]}}