{"id":5931,"date":"2025-04-04T11:13:30","date_gmt":"2025-04-04T09:13:30","guid":{"rendered":"https:\/\/partycypacjaobywatelska.pl\/forum\/?page_id=5931"},"modified":"2025-05-09T22:02:26","modified_gmt":"2025-05-09T20:02:26","slug":"5931-2","status":"publish","type":"page","link":"https:\/\/partycypacjaobywatelska.pl\/forum\/5931-2\/","title":{"rendered":"DEI (Diversity, Equity &amp; Inclusion) w partycypacji \u2013 jak pracowa\u0107 z r\u00f3\u017cnorodno\u015bci\u0105, by lepiej anga\u017cowa\u0107 ludzi?"},"content":{"rendered":"","protected":false},"excerpt":{"rendered":"","protected":false},"author":117,"featured_media":0,"parent":0,"menu_order":0,"comment_status":"closed","ping_status":"closed","template":"template-program.php","meta":[],"_links":{"self":[{"href":"https:\/\/partycypacjaobywatelska.pl\/forum\/wp-json\/wp\/v2\/pages\/5931"}],"collection":[{"href":"https:\/\/partycypacjaobywatelska.pl\/forum\/wp-json\/wp\/v2\/pages"}],"about":[{"href":"https:\/\/partycypacjaobywatelska.pl\/forum\/wp-json\/wp\/v2\/types\/page"}],"author":[{"embeddable":true,"href":"https:\/\/partycypacjaobywatelska.pl\/forum\/wp-json\/wp\/v2\/users\/117"}],"replies":[{"embeddable":true,"href":"https:\/\/partycypacjaobywatelska.pl\/forum\/wp-json\/wp\/v2\/comments?post=5931"}],"version-history":[{"count":10,"href":"https:\/\/partycypacjaobywatelska.pl\/forum\/wp-json\/wp\/v2\/pages\/5931\/revisions"}],"predecessor-version":[{"id":6487,"href":"https:\/\/partycypacjaobywatelska.pl\/forum\/wp-json\/wp\/v2\/pages\/5931\/revisions\/6487"}],"wp:attachment":[{"href":"https:\/\/partycypacjaobywatelska.pl\/forum\/wp-json\/wp\/v2\/media?parent=5931"}],"curies":[{"name":"wp","href":"https:\/\/api.w.org\/{rel}","templated":true}]}}