{"id":5363,"date":"2024-03-05T10:29:11","date_gmt":"2024-03-05T09:29:11","guid":{"rendered":"https:\/\/partycypacjaobywatelska.pl\/forum\/?page_id=5363"},"modified":"2024-03-15T10:50:04","modified_gmt":"2024-03-15T09:50:04","slug":"zagrajmy-w-zrownowazona-partycypacje","status":"publish","type":"page","link":"https:\/\/partycypacjaobywatelska.pl\/forum\/zagrajmy-w-zrownowazona-partycypacje\/","title":{"rendered":"Zagrajmy w zr\u00f3wnowa\u017con\u0105 partycypacj\u0119"},"content":{"rendered":"","protected":false},"excerpt":{"rendered":"","protected":false},"author":230,"featured_media":0,"parent":0,"menu_order":0,"comment_status":"closed","ping_status":"closed","template":"template-program.php","meta":[],"_links":{"self":[{"href":"https:\/\/partycypacjaobywatelska.pl\/forum\/wp-json\/wp\/v2\/pages\/5363"}],"collection":[{"href":"https:\/\/partycypacjaobywatelska.pl\/forum\/wp-json\/wp\/v2\/pages"}],"about":[{"href":"https:\/\/partycypacjaobywatelska.pl\/forum\/wp-json\/wp\/v2\/types\/page"}],"author":[{"embeddable":true,"href":"https:\/\/partycypacjaobywatelska.pl\/forum\/wp-json\/wp\/v2\/users\/230"}],"replies":[{"embeddable":true,"href":"https:\/\/partycypacjaobywatelska.pl\/forum\/wp-json\/wp\/v2\/comments?post=5363"}],"version-history":[{"count":5,"href":"https:\/\/partycypacjaobywatelska.pl\/forum\/wp-json\/wp\/v2\/pages\/5363\/revisions"}],"predecessor-version":[{"id":5694,"href":"https:\/\/partycypacjaobywatelska.pl\/forum\/wp-json\/wp\/v2\/pages\/5363\/revisions\/5694"}],"wp:attachment":[{"href":"https:\/\/partycypacjaobywatelska.pl\/forum\/wp-json\/wp\/v2\/media?parent=5363"}],"curies":[{"name":"wp","href":"https:\/\/api.w.org\/{rel}","templated":true}]}}