{"id":5359,"date":"2024-03-05T10:26:27","date_gmt":"2024-03-05T09:26:27","guid":{"rendered":"https:\/\/partycypacjaobywatelska.pl\/forum\/?page_id=5359"},"modified":"2024-03-15T10:47:52","modified_gmt":"2024-03-15T09:47:52","slug":"przepis-na-wspolna-przestrzen-sprawdzone-pomysly-na-miejsca-aktywnosci-mieszkancow-i-mieszkanek","status":"publish","type":"page","link":"https:\/\/partycypacjaobywatelska.pl\/forum\/przepis-na-wspolna-przestrzen-sprawdzone-pomysly-na-miejsca-aktywnosci-mieszkancow-i-mieszkanek\/","title":{"rendered":"Przepis na wsp\u00f3ln\u0105 PRZESTRZE\u0143 \u2013 sprawdzone pomys\u0142y na miejsca aktywno\u015bci mieszka\u0144c\u00f3w i mieszkanek"},"content":{"rendered":"","protected":false},"excerpt":{"rendered":"","protected":false},"author":230,"featured_media":0,"parent":0,"menu_order":0,"comment_status":"closed","ping_status":"closed","template":"template-program.php","meta":[],"_links":{"self":[{"href":"https:\/\/partycypacjaobywatelska.pl\/forum\/wp-json\/wp\/v2\/pages\/5359"}],"collection":[{"href":"https:\/\/partycypacjaobywatelska.pl\/forum\/wp-json\/wp\/v2\/pages"}],"about":[{"href":"https:\/\/partycypacjaobywatelska.pl\/forum\/wp-json\/wp\/v2\/types\/page"}],"author":[{"embeddable":true,"href":"https:\/\/partycypacjaobywatelska.pl\/forum\/wp-json\/wp\/v2\/users\/230"}],"replies":[{"embeddable":true,"href":"https:\/\/partycypacjaobywatelska.pl\/forum\/wp-json\/wp\/v2\/comments?post=5359"}],"version-history":[{"count":5,"href":"https:\/\/partycypacjaobywatelska.pl\/forum\/wp-json\/wp\/v2\/pages\/5359\/revisions"}],"predecessor-version":[{"id":5689,"href":"https:\/\/partycypacjaobywatelska.pl\/forum\/wp-json\/wp\/v2\/pages\/5359\/revisions\/5689"}],"wp:attachment":[{"href":"https:\/\/partycypacjaobywatelska.pl\/forum\/wp-json\/wp\/v2\/media?parent=5359"}],"curies":[{"name":"wp","href":"https:\/\/api.w.org\/{rel}","templated":true}]}}