{"id":5350,"date":"2024-03-05T10:14:16","date_gmt":"2024-03-05T09:14:16","guid":{"rendered":"https:\/\/partycypacjaobywatelska.pl\/forum\/?page_id=5350"},"modified":"2024-03-15T10:28:08","modified_gmt":"2024-03-15T09:28:08","slug":"interdyscyplinarna-analiza-soczewkowa-diagnozowanie-przestrzeni-publicznych-przez-pryzmat-potrzeb-i-aktywnosci-osob-z-niej-korzystajacych","status":"publish","type":"page","link":"https:\/\/partycypacjaobywatelska.pl\/forum\/interdyscyplinarna-analiza-soczewkowa-diagnozowanie-przestrzeni-publicznych-przez-pryzmat-potrzeb-i-aktywnosci-osob-z-niej-korzystajacych\/","title":{"rendered":"Interdyscyplinarna Analiza Soczewkowa \u2013 diagnozowanie przestrzeni publicznych przez pryzmat potrzeb i aktywno\u015bci os\u00f3b z niej korzystaj\u0105cych"},"content":{"rendered":"","protected":false},"excerpt":{"rendered":"","protected":false},"author":230,"featured_media":0,"parent":0,"menu_order":0,"comment_status":"closed","ping_status":"closed","template":"template-program.php","meta":[],"_links":{"self":[{"href":"https:\/\/partycypacjaobywatelska.pl\/forum\/wp-json\/wp\/v2\/pages\/5350"}],"collection":[{"href":"https:\/\/partycypacjaobywatelska.pl\/forum\/wp-json\/wp\/v2\/pages"}],"about":[{"href":"https:\/\/partycypacjaobywatelska.pl\/forum\/wp-json\/wp\/v2\/types\/page"}],"author":[{"embeddable":true,"href":"https:\/\/partycypacjaobywatelska.pl\/forum\/wp-json\/wp\/v2\/users\/230"}],"replies":[{"embeddable":true,"href":"https:\/\/partycypacjaobywatelska.pl\/forum\/wp-json\/wp\/v2\/comments?post=5350"}],"version-history":[{"count":6,"href":"https:\/\/partycypacjaobywatelska.pl\/forum\/wp-json\/wp\/v2\/pages\/5350\/revisions"}],"predecessor-version":[{"id":5664,"href":"https:\/\/partycypacjaobywatelska.pl\/forum\/wp-json\/wp\/v2\/pages\/5350\/revisions\/5664"}],"wp:attachment":[{"href":"https:\/\/partycypacjaobywatelska.pl\/forum\/wp-json\/wp\/v2\/media?parent=5350"}],"curies":[{"name":"wp","href":"https:\/\/api.w.org\/{rel}","templated":true}]}}