{"id":5342,"date":"2024-03-05T10:03:59","date_gmt":"2024-03-05T09:03:59","guid":{"rendered":"https:\/\/partycypacjaobywatelska.pl\/forum\/?page_id=5342"},"modified":"2024-03-18T12:08:00","modified_gmt":"2024-03-18T11:08:00","slug":"a-co-jak-politycy-znow-napisza-nam-przepisy-o-konsultacjach-spolecznych-porozmawiajmy-o-prawnych-aspektach-konsultacji","status":"publish","type":"page","link":"https:\/\/partycypacjaobywatelska.pl\/forum\/a-co-jak-politycy-znow-napisza-nam-przepisy-o-konsultacjach-spolecznych-porozmawiajmy-o-prawnych-aspektach-konsultacji\/","title":{"rendered":"A co, jak politycy zn\u00f3w napisz\u0105 nam przepisy o konsultacjach spo\u0142ecznych? Porozmawiajmy o prawnych aspektach konsultacji"},"content":{"rendered":"","protected":false},"excerpt":{"rendered":"","protected":false},"author":230,"featured_media":0,"parent":0,"menu_order":0,"comment_status":"closed","ping_status":"closed","template":"template-program.php","meta":[],"_links":{"self":[{"href":"https:\/\/partycypacjaobywatelska.pl\/forum\/wp-json\/wp\/v2\/pages\/5342"}],"collection":[{"href":"https:\/\/partycypacjaobywatelska.pl\/forum\/wp-json\/wp\/v2\/pages"}],"about":[{"href":"https:\/\/partycypacjaobywatelska.pl\/forum\/wp-json\/wp\/v2\/types\/page"}],"author":[{"embeddable":true,"href":"https:\/\/partycypacjaobywatelska.pl\/forum\/wp-json\/wp\/v2\/users\/230"}],"replies":[{"embeddable":true,"href":"https:\/\/partycypacjaobywatelska.pl\/forum\/wp-json\/wp\/v2\/comments?post=5342"}],"version-history":[{"count":8,"href":"https:\/\/partycypacjaobywatelska.pl\/forum\/wp-json\/wp\/v2\/pages\/5342\/revisions"}],"predecessor-version":[{"id":5714,"href":"https:\/\/partycypacjaobywatelska.pl\/forum\/wp-json\/wp\/v2\/pages\/5342\/revisions\/5714"}],"wp:attachment":[{"href":"https:\/\/partycypacjaobywatelska.pl\/forum\/wp-json\/wp\/v2\/media?parent=5342"}],"curies":[{"name":"wp","href":"https:\/\/api.w.org\/{rel}","templated":true}]}}