{"id":5328,"date":"2024-03-05T09:47:08","date_gmt":"2024-03-05T08:47:08","guid":{"rendered":"https:\/\/partycypacjaobywatelska.pl\/forum\/?page_id=5328"},"modified":"2024-03-15T10:42:00","modified_gmt":"2024-03-15T09:42:00","slug":"narzedzia-mlodziezowej-partycypacji-inspiracje-i-pulapki","status":"publish","type":"page","link":"https:\/\/partycypacjaobywatelska.pl\/forum\/narzedzia-mlodziezowej-partycypacji-inspiracje-i-pulapki\/","title":{"rendered":"Narz\u0119dzia m\u0142odzie\u017cowej partycypacji \u2013 inspiracje i pu\u0142apki"},"content":{"rendered":"","protected":false},"excerpt":{"rendered":"","protected":false},"author":230,"featured_media":0,"parent":0,"menu_order":0,"comment_status":"closed","ping_status":"closed","template":"template-program.php","meta":[],"_links":{"self":[{"href":"https:\/\/partycypacjaobywatelska.pl\/forum\/wp-json\/wp\/v2\/pages\/5328"}],"collection":[{"href":"https:\/\/partycypacjaobywatelska.pl\/forum\/wp-json\/wp\/v2\/pages"}],"about":[{"href":"https:\/\/partycypacjaobywatelska.pl\/forum\/wp-json\/wp\/v2\/types\/page"}],"author":[{"embeddable":true,"href":"https:\/\/partycypacjaobywatelska.pl\/forum\/wp-json\/wp\/v2\/users\/230"}],"replies":[{"embeddable":true,"href":"https:\/\/partycypacjaobywatelska.pl\/forum\/wp-json\/wp\/v2\/comments?post=5328"}],"version-history":[{"count":5,"href":"https:\/\/partycypacjaobywatelska.pl\/forum\/wp-json\/wp\/v2\/pages\/5328\/revisions"}],"predecessor-version":[{"id":5679,"href":"https:\/\/partycypacjaobywatelska.pl\/forum\/wp-json\/wp\/v2\/pages\/5328\/revisions\/5679"}],"wp:attachment":[{"href":"https:\/\/partycypacjaobywatelska.pl\/forum\/wp-json\/wp\/v2\/media?parent=5328"}],"curies":[{"name":"wp","href":"https:\/\/api.w.org\/{rel}","templated":true}]}}