{"id":5324,"date":"2024-03-05T09:42:23","date_gmt":"2024-03-05T08:42:23","guid":{"rendered":"https:\/\/partycypacjaobywatelska.pl\/forum\/?page_id=5324"},"modified":"2024-03-15T10:41:39","modified_gmt":"2024-03-15T09:41:39","slug":"miniporadnik-jak-poprowadzic-spotkania-z-mieszkancami-przedstawiamy-poreczne-narzedzie-dla-osob-organizujacych-spotkania","status":"publish","type":"page","link":"https:\/\/partycypacjaobywatelska.pl\/forum\/miniporadnik-jak-poprowadzic-spotkania-z-mieszkancami-przedstawiamy-poreczne-narzedzie-dla-osob-organizujacych-spotkania\/","title":{"rendered":"Miniporadnik &#8222;Jak poprowadzi\u0107 spotkania z mieszka\u0144cami?&#8221; \u2013 przedstawiamy por\u0119czne narz\u0119dzie dla os\u00f3b organizuj\u0105cych spotkania"},"content":{"rendered":"","protected":false},"excerpt":{"rendered":"","protected":false},"author":230,"featured_media":0,"parent":0,"menu_order":0,"comment_status":"closed","ping_status":"closed","template":"template-program.php","meta":[],"_links":{"self":[{"href":"https:\/\/partycypacjaobywatelska.pl\/forum\/wp-json\/wp\/v2\/pages\/5324"}],"collection":[{"href":"https:\/\/partycypacjaobywatelska.pl\/forum\/wp-json\/wp\/v2\/pages"}],"about":[{"href":"https:\/\/partycypacjaobywatelska.pl\/forum\/wp-json\/wp\/v2\/types\/page"}],"author":[{"embeddable":true,"href":"https:\/\/partycypacjaobywatelska.pl\/forum\/wp-json\/wp\/v2\/users\/230"}],"replies":[{"embeddable":true,"href":"https:\/\/partycypacjaobywatelska.pl\/forum\/wp-json\/wp\/v2\/comments?post=5324"}],"version-history":[{"count":5,"href":"https:\/\/partycypacjaobywatelska.pl\/forum\/wp-json\/wp\/v2\/pages\/5324\/revisions"}],"predecessor-version":[{"id":5677,"href":"https:\/\/partycypacjaobywatelska.pl\/forum\/wp-json\/wp\/v2\/pages\/5324\/revisions\/5677"}],"wp:attachment":[{"href":"https:\/\/partycypacjaobywatelska.pl\/forum\/wp-json\/wp\/v2\/media?parent=5324"}],"curies":[{"name":"wp","href":"https:\/\/api.w.org\/{rel}","templated":true}]}}