{"id":5308,"date":"2024-03-05T09:32:29","date_gmt":"2024-03-05T08:32:29","guid":{"rendered":"https:\/\/partycypacjaobywatelska.pl\/forum\/?page_id=5308"},"modified":"2024-03-06T17:30:44","modified_gmt":"2024-03-06T16:30:44","slug":"rejs-po-dobrostan-jak-zadbac-o-siebie-i-zaloge-w-sztormach-partycypacyjnych-wyzwan-i-na-rafach-roznorodnych-wartosci","status":"publish","type":"page","link":"https:\/\/partycypacjaobywatelska.pl\/forum\/rejs-po-dobrostan-jak-zadbac-o-siebie-i-zaloge-w-sztormach-partycypacyjnych-wyzwan-i-na-rafach-roznorodnych-wartosci\/","title":{"rendered":"Rejs po dobrostan \u2013 jak zadba\u0107 o siebie i za\u0142og\u0119 w sztormach partycypacyjnych wyzwa\u0144 i na rafach r\u00f3\u017cnorodnych warto\u015bci"},"content":{"rendered":"","protected":false},"excerpt":{"rendered":"","protected":false},"author":230,"featured_media":0,"parent":0,"menu_order":0,"comment_status":"closed","ping_status":"closed","template":"template-program.php","meta":[],"_links":{"self":[{"href":"https:\/\/partycypacjaobywatelska.pl\/forum\/wp-json\/wp\/v2\/pages\/5308"}],"collection":[{"href":"https:\/\/partycypacjaobywatelska.pl\/forum\/wp-json\/wp\/v2\/pages"}],"about":[{"href":"https:\/\/partycypacjaobywatelska.pl\/forum\/wp-json\/wp\/v2\/types\/page"}],"author":[{"embeddable":true,"href":"https:\/\/partycypacjaobywatelska.pl\/forum\/wp-json\/wp\/v2\/users\/230"}],"replies":[{"embeddable":true,"href":"https:\/\/partycypacjaobywatelska.pl\/forum\/wp-json\/wp\/v2\/comments?post=5308"}],"version-history":[{"count":4,"href":"https:\/\/partycypacjaobywatelska.pl\/forum\/wp-json\/wp\/v2\/pages\/5308\/revisions"}],"predecessor-version":[{"id":5495,"href":"https:\/\/partycypacjaobywatelska.pl\/forum\/wp-json\/wp\/v2\/pages\/5308\/revisions\/5495"}],"wp:attachment":[{"href":"https:\/\/partycypacjaobywatelska.pl\/forum\/wp-json\/wp\/v2\/media?parent=5308"}],"curies":[{"name":"wp","href":"https:\/\/api.w.org\/{rel}","templated":true}]}}