{"id":5303,"date":"2024-03-05T09:21:38","date_gmt":"2024-03-05T08:21:38","guid":{"rendered":"https:\/\/partycypacjaobywatelska.pl\/forum\/?page_id=5303"},"modified":"2024-03-15T10:12:05","modified_gmt":"2024-03-15T09:12:05","slug":"szkola-przyjazna-klimatowi-czyli-opowiesc-o-tym-jak-spolecznosc-szkolna-stala-sie-motorem-zmiany","status":"publish","type":"page","link":"https:\/\/partycypacjaobywatelska.pl\/forum\/szkola-przyjazna-klimatowi-czyli-opowiesc-o-tym-jak-spolecznosc-szkolna-stala-sie-motorem-zmiany\/","title":{"rendered":"\u201eSzko\u0142a Przyjazna Klimatowi\u201d, czyli opowie\u015b\u0107 o tym, jak spo\u0142eczno\u015b\u0107 szkolna sta\u0142a si\u0119 motorem zmiany"},"content":{"rendered":"","protected":false},"excerpt":{"rendered":"","protected":false},"author":230,"featured_media":0,"parent":0,"menu_order":0,"comment_status":"closed","ping_status":"closed","template":"template-program.php","meta":[],"_links":{"self":[{"href":"https:\/\/partycypacjaobywatelska.pl\/forum\/wp-json\/wp\/v2\/pages\/5303"}],"collection":[{"href":"https:\/\/partycypacjaobywatelska.pl\/forum\/wp-json\/wp\/v2\/pages"}],"about":[{"href":"https:\/\/partycypacjaobywatelska.pl\/forum\/wp-json\/wp\/v2\/types\/page"}],"author":[{"embeddable":true,"href":"https:\/\/partycypacjaobywatelska.pl\/forum\/wp-json\/wp\/v2\/users\/230"}],"replies":[{"embeddable":true,"href":"https:\/\/partycypacjaobywatelska.pl\/forum\/wp-json\/wp\/v2\/comments?post=5303"}],"version-history":[{"count":5,"href":"https:\/\/partycypacjaobywatelska.pl\/forum\/wp-json\/wp\/v2\/pages\/5303\/revisions"}],"predecessor-version":[{"id":5648,"href":"https:\/\/partycypacjaobywatelska.pl\/forum\/wp-json\/wp\/v2\/pages\/5303\/revisions\/5648"}],"wp:attachment":[{"href":"https:\/\/partycypacjaobywatelska.pl\/forum\/wp-json\/wp\/v2\/media?parent=5303"}],"curies":[{"name":"wp","href":"https:\/\/api.w.org\/{rel}","templated":true}]}}