{"id":5299,"date":"2024-03-05T09:18:13","date_gmt":"2024-03-05T08:18:13","guid":{"rendered":"https:\/\/partycypacjaobywatelska.pl\/forum\/?page_id=5299"},"modified":"2024-03-15T10:43:14","modified_gmt":"2024-03-15T09:43:14","slug":"osp-nie-tylko-gasza-pozary-spotkanie-o-partycypacyjnym-potencjale-ochotniczych-strazy-pozarnych","status":"publish","type":"page","link":"https:\/\/partycypacjaobywatelska.pl\/forum\/osp-nie-tylko-gasza-pozary-spotkanie-o-partycypacyjnym-potencjale-ochotniczych-strazy-pozarnych\/","title":{"rendered":"OSP nie tylko gasz\u0105 po\u017cary. Spotkanie o partycypacyjnym potencjale ochotniczych stra\u017cy po\u017carnych"},"content":{"rendered":"","protected":false},"excerpt":{"rendered":"","protected":false},"author":230,"featured_media":0,"parent":0,"menu_order":0,"comment_status":"closed","ping_status":"closed","template":"template-program.php","meta":[],"_links":{"self":[{"href":"https:\/\/partycypacjaobywatelska.pl\/forum\/wp-json\/wp\/v2\/pages\/5299"}],"collection":[{"href":"https:\/\/partycypacjaobywatelska.pl\/forum\/wp-json\/wp\/v2\/pages"}],"about":[{"href":"https:\/\/partycypacjaobywatelska.pl\/forum\/wp-json\/wp\/v2\/types\/page"}],"author":[{"embeddable":true,"href":"https:\/\/partycypacjaobywatelska.pl\/forum\/wp-json\/wp\/v2\/users\/230"}],"replies":[{"embeddable":true,"href":"https:\/\/partycypacjaobywatelska.pl\/forum\/wp-json\/wp\/v2\/comments?post=5299"}],"version-history":[{"count":5,"href":"https:\/\/partycypacjaobywatelska.pl\/forum\/wp-json\/wp\/v2\/pages\/5299\/revisions"}],"predecessor-version":[{"id":5683,"href":"https:\/\/partycypacjaobywatelska.pl\/forum\/wp-json\/wp\/v2\/pages\/5299\/revisions\/5683"}],"wp:attachment":[{"href":"https:\/\/partycypacjaobywatelska.pl\/forum\/wp-json\/wp\/v2\/media?parent=5299"}],"curies":[{"name":"wp","href":"https:\/\/api.w.org\/{rel}","templated":true}]}}