{"id":5295,"date":"2024-03-05T09:13:51","date_gmt":"2024-03-05T08:13:51","guid":{"rendered":"https:\/\/partycypacjaobywatelska.pl\/forum\/?page_id=5295"},"modified":"2024-03-15T10:43:02","modified_gmt":"2024-03-15T09:43:02","slug":"nowa-turystyka-jak-angazowac-lokalne-spolecznosci-w-tworzenie-wizji-zrownowazonej-turystyki","status":"publish","type":"page","link":"https:\/\/partycypacjaobywatelska.pl\/forum\/nowa-turystyka-jak-angazowac-lokalne-spolecznosci-w-tworzenie-wizji-zrownowazonej-turystyki\/","title":{"rendered":"Nowa turystyka \u2013 jak anga\u017cowa\u0107 lokalne spo\u0142eczno\u015bci w tworzenie wizji zr\u00f3wnowa\u017conej turystyki?"},"content":{"rendered":"","protected":false},"excerpt":{"rendered":"","protected":false},"author":230,"featured_media":0,"parent":0,"menu_order":0,"comment_status":"closed","ping_status":"closed","template":"template-program.php","meta":[],"_links":{"self":[{"href":"https:\/\/partycypacjaobywatelska.pl\/forum\/wp-json\/wp\/v2\/pages\/5295"}],"collection":[{"href":"https:\/\/partycypacjaobywatelska.pl\/forum\/wp-json\/wp\/v2\/pages"}],"about":[{"href":"https:\/\/partycypacjaobywatelska.pl\/forum\/wp-json\/wp\/v2\/types\/page"}],"author":[{"embeddable":true,"href":"https:\/\/partycypacjaobywatelska.pl\/forum\/wp-json\/wp\/v2\/users\/230"}],"replies":[{"embeddable":true,"href":"https:\/\/partycypacjaobywatelska.pl\/forum\/wp-json\/wp\/v2\/comments?post=5295"}],"version-history":[{"count":5,"href":"https:\/\/partycypacjaobywatelska.pl\/forum\/wp-json\/wp\/v2\/pages\/5295\/revisions"}],"predecessor-version":[{"id":5682,"href":"https:\/\/partycypacjaobywatelska.pl\/forum\/wp-json\/wp\/v2\/pages\/5295\/revisions\/5682"}],"wp:attachment":[{"href":"https:\/\/partycypacjaobywatelska.pl\/forum\/wp-json\/wp\/v2\/media?parent=5295"}],"curies":[{"name":"wp","href":"https:\/\/api.w.org\/{rel}","templated":true}]}}