{"id":5276,"date":"2024-03-05T08:57:06","date_gmt":"2024-03-05T07:57:06","guid":{"rendered":"https:\/\/partycypacjaobywatelska.pl\/forum\/?page_id=5276"},"modified":"2024-03-15T10:37:00","modified_gmt":"2024-03-15T09:37:00","slug":"jak-mowic-i-pisac-o-partycypacji-by-nie-wialo-nuda-i-chlodem","status":"publish","type":"page","link":"https:\/\/partycypacjaobywatelska.pl\/forum\/jak-mowic-i-pisac-o-partycypacji-by-nie-wialo-nuda-i-chlodem\/","title":{"rendered":"Jak m\u00f3wi\u0107 (i pisa\u0107) o partycypacji, by nie wia\u0142o nud\u0105 i ch\u0142odem?"},"content":{"rendered":"","protected":false},"excerpt":{"rendered":"","protected":false},"author":230,"featured_media":0,"parent":0,"menu_order":0,"comment_status":"closed","ping_status":"closed","template":"template-program.php","meta":[],"_links":{"self":[{"href":"https:\/\/partycypacjaobywatelska.pl\/forum\/wp-json\/wp\/v2\/pages\/5276"}],"collection":[{"href":"https:\/\/partycypacjaobywatelska.pl\/forum\/wp-json\/wp\/v2\/pages"}],"about":[{"href":"https:\/\/partycypacjaobywatelska.pl\/forum\/wp-json\/wp\/v2\/types\/page"}],"author":[{"embeddable":true,"href":"https:\/\/partycypacjaobywatelska.pl\/forum\/wp-json\/wp\/v2\/users\/230"}],"replies":[{"embeddable":true,"href":"https:\/\/partycypacjaobywatelska.pl\/forum\/wp-json\/wp\/v2\/comments?post=5276"}],"version-history":[{"count":11,"href":"https:\/\/partycypacjaobywatelska.pl\/forum\/wp-json\/wp\/v2\/pages\/5276\/revisions"}],"predecessor-version":[{"id":5667,"href":"https:\/\/partycypacjaobywatelska.pl\/forum\/wp-json\/wp\/v2\/pages\/5276\/revisions\/5667"}],"wp:attachment":[{"href":"https:\/\/partycypacjaobywatelska.pl\/forum\/wp-json\/wp\/v2\/media?parent=5276"}],"curies":[{"name":"wp","href":"https:\/\/api.w.org\/{rel}","templated":true}]}}