{"id":5272,"date":"2024-03-05T08:54:54","date_gmt":"2024-03-05T07:54:54","guid":{"rendered":"https:\/\/partycypacjaobywatelska.pl\/forum\/?page_id=5272"},"modified":"2024-03-15T10:31:36","modified_gmt":"2024-03-15T09:31:36","slug":"jak-dzialaja-mlodziezowe-rady-w-duzych-miastach-i-jak-moglyby-dzialac","status":"publish","type":"page","link":"https:\/\/partycypacjaobywatelska.pl\/forum\/jak-dzialaja-mlodziezowe-rady-w-duzych-miastach-i-jak-moglyby-dzialac\/","title":{"rendered":"Jak dzia\u0142aj\u0105 m\u0142odzie\u017cowe rady w du\u017cych miastach i jak mog\u0142yby dzia\u0142a\u0107?"},"content":{"rendered":"","protected":false},"excerpt":{"rendered":"","protected":false},"author":230,"featured_media":0,"parent":0,"menu_order":0,"comment_status":"closed","ping_status":"closed","template":"template-program.php","meta":[],"_links":{"self":[{"href":"https:\/\/partycypacjaobywatelska.pl\/forum\/wp-json\/wp\/v2\/pages\/5272"}],"collection":[{"href":"https:\/\/partycypacjaobywatelska.pl\/forum\/wp-json\/wp\/v2\/pages"}],"about":[{"href":"https:\/\/partycypacjaobywatelska.pl\/forum\/wp-json\/wp\/v2\/types\/page"}],"author":[{"embeddable":true,"href":"https:\/\/partycypacjaobywatelska.pl\/forum\/wp-json\/wp\/v2\/users\/230"}],"replies":[{"embeddable":true,"href":"https:\/\/partycypacjaobywatelska.pl\/forum\/wp-json\/wp\/v2\/comments?post=5272"}],"version-history":[{"count":11,"href":"https:\/\/partycypacjaobywatelska.pl\/forum\/wp-json\/wp\/v2\/pages\/5272\/revisions"}],"predecessor-version":[{"id":5665,"href":"https:\/\/partycypacjaobywatelska.pl\/forum\/wp-json\/wp\/v2\/pages\/5272\/revisions\/5665"}],"wp:attachment":[{"href":"https:\/\/partycypacjaobywatelska.pl\/forum\/wp-json\/wp\/v2\/media?parent=5272"}],"curies":[{"name":"wp","href":"https:\/\/api.w.org\/{rel}","templated":true}]}}