{"id":5254,"date":"2024-03-05T08:41:22","date_gmt":"2024-03-05T07:41:22","guid":{"rendered":"https:\/\/partycypacjaobywatelska.pl\/forum\/?page_id=5254"},"modified":"2024-03-06T22:07:04","modified_gmt":"2024-03-06T21:07:04","slug":"miejsce-aktywnosci-mieszkancow-w-krakowie-zobacz-dotknij-baw-sie-jak-mieszkaniec-mieszkanka","status":"publish","type":"page","link":"https:\/\/partycypacjaobywatelska.pl\/forum\/miejsce-aktywnosci-mieszkancow-w-krakowie-zobacz-dotknij-baw-sie-jak-mieszkaniec-mieszkanka\/","title":{"rendered":"Miejsce Aktywno\u015bci Mieszka\u0144c\u00f3w w Krakowie \u2013 zobacz, dotknij, baw si\u0119 jak mieszkaniec\/mieszkanka"},"content":{"rendered":"","protected":false},"excerpt":{"rendered":"","protected":false},"author":230,"featured_media":0,"parent":0,"menu_order":0,"comment_status":"closed","ping_status":"closed","template":"template-program.php","meta":[],"_links":{"self":[{"href":"https:\/\/partycypacjaobywatelska.pl\/forum\/wp-json\/wp\/v2\/pages\/5254"}],"collection":[{"href":"https:\/\/partycypacjaobywatelska.pl\/forum\/wp-json\/wp\/v2\/pages"}],"about":[{"href":"https:\/\/partycypacjaobywatelska.pl\/forum\/wp-json\/wp\/v2\/types\/page"}],"author":[{"embeddable":true,"href":"https:\/\/partycypacjaobywatelska.pl\/forum\/wp-json\/wp\/v2\/users\/230"}],"replies":[{"embeddable":true,"href":"https:\/\/partycypacjaobywatelska.pl\/forum\/wp-json\/wp\/v2\/comments?post=5254"}],"version-history":[{"count":5,"href":"https:\/\/partycypacjaobywatelska.pl\/forum\/wp-json\/wp\/v2\/pages\/5254\/revisions"}],"predecessor-version":[{"id":5527,"href":"https:\/\/partycypacjaobywatelska.pl\/forum\/wp-json\/wp\/v2\/pages\/5254\/revisions\/5527"}],"wp:attachment":[{"href":"https:\/\/partycypacjaobywatelska.pl\/forum\/wp-json\/wp\/v2\/media?parent=5254"}],"curies":[{"name":"wp","href":"https:\/\/api.w.org\/{rel}","templated":true}]}}