{"id":5228,"date":"2024-03-04T12:45:58","date_gmt":"2024-03-04T11:45:58","guid":{"rendered":"https:\/\/partycypacjaobywatelska.pl\/forum\/?page_id=5228"},"modified":"2024-03-15T10:15:07","modified_gmt":"2024-03-15T09:15:07","slug":"czy-referendum-da-sie-uratowac-w-swiadomosci-polek-i-polakow","status":"publish","type":"page","link":"https:\/\/partycypacjaobywatelska.pl\/forum\/czy-referendum-da-sie-uratowac-w-swiadomosci-polek-i-polakow\/","title":{"rendered":"Czy referendum da si\u0119 uratowa\u0107 w \u015bwiadomo\u015bci Polek i Polak\u00f3w?"},"content":{"rendered":"","protected":false},"excerpt":{"rendered":"","protected":false},"author":230,"featured_media":0,"parent":0,"menu_order":0,"comment_status":"closed","ping_status":"closed","template":"template-program.php","meta":[],"_links":{"self":[{"href":"https:\/\/partycypacjaobywatelska.pl\/forum\/wp-json\/wp\/v2\/pages\/5228"}],"collection":[{"href":"https:\/\/partycypacjaobywatelska.pl\/forum\/wp-json\/wp\/v2\/pages"}],"about":[{"href":"https:\/\/partycypacjaobywatelska.pl\/forum\/wp-json\/wp\/v2\/types\/page"}],"author":[{"embeddable":true,"href":"https:\/\/partycypacjaobywatelska.pl\/forum\/wp-json\/wp\/v2\/users\/230"}],"replies":[{"embeddable":true,"href":"https:\/\/partycypacjaobywatelska.pl\/forum\/wp-json\/wp\/v2\/comments?post=5228"}],"version-history":[{"count":7,"href":"https:\/\/partycypacjaobywatelska.pl\/forum\/wp-json\/wp\/v2\/pages\/5228\/revisions"}],"predecessor-version":[{"id":5656,"href":"https:\/\/partycypacjaobywatelska.pl\/forum\/wp-json\/wp\/v2\/pages\/5228\/revisions\/5656"}],"wp:attachment":[{"href":"https:\/\/partycypacjaobywatelska.pl\/forum\/wp-json\/wp\/v2\/media?parent=5228"}],"curies":[{"name":"wp","href":"https:\/\/api.w.org\/{rel}","templated":true}]}}