{"id":5219,"date":"2024-03-04T12:42:11","date_gmt":"2024-03-04T11:42:11","guid":{"rendered":"https:\/\/partycypacjaobywatelska.pl\/forum\/?page_id=5219"},"modified":"2024-03-15T10:12:45","modified_gmt":"2024-03-15T09:12:45","slug":"chcemy-wiecej-partycypacji-wypracujmy-postulaty-spolecznosci-praktykow-i-praktyczek-partycypacji-do-rzadu","status":"publish","type":"page","link":"https:\/\/partycypacjaobywatelska.pl\/forum\/chcemy-wiecej-partycypacji-wypracujmy-postulaty-spolecznosci-praktykow-i-praktyczek-partycypacji-do-rzadu\/","title":{"rendered":"Chcemy wi\u0119cej partycypacji! Wypracujmy postulaty spo\u0142eczno\u015bci praktyk\u00f3w i praktyczek partycypacji do rz\u0105du"},"content":{"rendered":"","protected":false},"excerpt":{"rendered":"","protected":false},"author":230,"featured_media":0,"parent":0,"menu_order":0,"comment_status":"closed","ping_status":"closed","template":"template-program.php","meta":[],"_links":{"self":[{"href":"https:\/\/partycypacjaobywatelska.pl\/forum\/wp-json\/wp\/v2\/pages\/5219"}],"collection":[{"href":"https:\/\/partycypacjaobywatelska.pl\/forum\/wp-json\/wp\/v2\/pages"}],"about":[{"href":"https:\/\/partycypacjaobywatelska.pl\/forum\/wp-json\/wp\/v2\/types\/page"}],"author":[{"embeddable":true,"href":"https:\/\/partycypacjaobywatelska.pl\/forum\/wp-json\/wp\/v2\/users\/230"}],"replies":[{"embeddable":true,"href":"https:\/\/partycypacjaobywatelska.pl\/forum\/wp-json\/wp\/v2\/comments?post=5219"}],"version-history":[{"count":7,"href":"https:\/\/partycypacjaobywatelska.pl\/forum\/wp-json\/wp\/v2\/pages\/5219\/revisions"}],"predecessor-version":[{"id":5650,"href":"https:\/\/partycypacjaobywatelska.pl\/forum\/wp-json\/wp\/v2\/pages\/5219\/revisions\/5650"}],"wp:attachment":[{"href":"https:\/\/partycypacjaobywatelska.pl\/forum\/wp-json\/wp\/v2\/media?parent=5219"}],"curies":[{"name":"wp","href":"https:\/\/api.w.org\/{rel}","templated":true}]}}