{"id":5215,"date":"2024-03-04T12:20:04","date_gmt":"2024-03-04T11:20:04","guid":{"rendered":"https:\/\/partycypacjaobywatelska.pl\/forum\/?page_id=5215"},"modified":"2024-03-15T10:49:20","modified_gmt":"2024-03-15T09:49:20","slug":"techniki-facylitacji-dla-poczatkujacych-czyli-jak-poprowadzic-udane-spotkanie","status":"publish","type":"page","link":"https:\/\/partycypacjaobywatelska.pl\/forum\/techniki-facylitacji-dla-poczatkujacych-czyli-jak-poprowadzic-udane-spotkanie\/","title":{"rendered":"Techniki facylitacji dla pocz\u0105tkuj\u0105cych, czyli jak poprowadzi\u0107 udane spotkanie"},"content":{"rendered":"","protected":false},"excerpt":{"rendered":"","protected":false},"author":230,"featured_media":0,"parent":0,"menu_order":0,"comment_status":"closed","ping_status":"closed","template":"template-program.php","meta":[],"_links":{"self":[{"href":"https:\/\/partycypacjaobywatelska.pl\/forum\/wp-json\/wp\/v2\/pages\/5215"}],"collection":[{"href":"https:\/\/partycypacjaobywatelska.pl\/forum\/wp-json\/wp\/v2\/pages"}],"about":[{"href":"https:\/\/partycypacjaobywatelska.pl\/forum\/wp-json\/wp\/v2\/types\/page"}],"author":[{"embeddable":true,"href":"https:\/\/partycypacjaobywatelska.pl\/forum\/wp-json\/wp\/v2\/users\/230"}],"replies":[{"embeddable":true,"href":"https:\/\/partycypacjaobywatelska.pl\/forum\/wp-json\/wp\/v2\/comments?post=5215"}],"version-history":[{"count":5,"href":"https:\/\/partycypacjaobywatelska.pl\/forum\/wp-json\/wp\/v2\/pages\/5215\/revisions"}],"predecessor-version":[{"id":5693,"href":"https:\/\/partycypacjaobywatelska.pl\/forum\/wp-json\/wp\/v2\/pages\/5215\/revisions\/5693"}],"wp:attachment":[{"href":"https:\/\/partycypacjaobywatelska.pl\/forum\/wp-json\/wp\/v2\/media?parent=5215"}],"curies":[{"name":"wp","href":"https:\/\/api.w.org\/{rel}","templated":true}]}}