{"id":5144,"date":"2024-03-01T15:26:55","date_gmt":"2024-03-01T14:26:55","guid":{"rendered":"https:\/\/partycypacjaobywatelska.pl\/forum\/?page_id=5144"},"modified":"2024-03-27T15:27:55","modified_gmt":"2024-03-27T14:27:55","slug":"czego-jas-sie-nie-nauczy-tego-jan-nie-bedzie-umial-rola-szkolnych-budzetow-obywatelskich-w-ksztaltowaniu-postaw-demokratycznych-mlodych-ludzi","status":"publish","type":"page","link":"https:\/\/partycypacjaobywatelska.pl\/forum\/czego-jas-sie-nie-nauczy-tego-jan-nie-bedzie-umial-rola-szkolnych-budzetow-obywatelskich-w-ksztaltowaniu-postaw-demokratycznych-mlodych-ludzi\/","title":{"rendered":"Czego Ja\u015b si\u0119 nie nauczy, tego Jan nie b\u0119dzie umia\u0142? Rola szkolnych bud\u017cet\u00f3w obywatelskich w kszta\u0142towaniu postaw demokratycznych m\u0142odych ludzi"},"content":{"rendered":"","protected":false},"excerpt":{"rendered":"","protected":false},"author":230,"featured_media":0,"parent":0,"menu_order":0,"comment_status":"closed","ping_status":"closed","template":"template-program.php","meta":[],"_links":{"self":[{"href":"https:\/\/partycypacjaobywatelska.pl\/forum\/wp-json\/wp\/v2\/pages\/5144"}],"collection":[{"href":"https:\/\/partycypacjaobywatelska.pl\/forum\/wp-json\/wp\/v2\/pages"}],"about":[{"href":"https:\/\/partycypacjaobywatelska.pl\/forum\/wp-json\/wp\/v2\/types\/page"}],"author":[{"embeddable":true,"href":"https:\/\/partycypacjaobywatelska.pl\/forum\/wp-json\/wp\/v2\/users\/230"}],"replies":[{"embeddable":true,"href":"https:\/\/partycypacjaobywatelska.pl\/forum\/wp-json\/wp\/v2\/comments?post=5144"}],"version-history":[{"count":13,"href":"https:\/\/partycypacjaobywatelska.pl\/forum\/wp-json\/wp\/v2\/pages\/5144\/revisions"}],"predecessor-version":[{"id":5736,"href":"https:\/\/partycypacjaobywatelska.pl\/forum\/wp-json\/wp\/v2\/pages\/5144\/revisions\/5736"}],"wp:attachment":[{"href":"https:\/\/partycypacjaobywatelska.pl\/forum\/wp-json\/wp\/v2\/media?parent=5144"}],"curies":[{"name":"wp","href":"https:\/\/api.w.org\/{rel}","templated":true}]}}